{"id":212,"date":"2025-08-14T20:52:05","date_gmt":"2025-08-14T20:52:05","guid":{"rendered":"https:\/\/www.gv-crepi.be\/?page_id=212"},"modified":"2025-08-15T18:57:04","modified_gmt":"2025-08-15T18:57:04","slug":"enduit-de-facade","status":"publish","type":"page","link":"https:\/\/www.gv-crepi.be\/fr\/crepi\/gevelpleister\/","title":{"rendered":"Enduit de fa\u00e7ade"},"content":{"rendered":"<div data-elementor-type=\"wp-page\" data-elementor-id=\"212\" class=\"elementor elementor-212\" data-elementor-post-type=\"page\">\n\t\t\t\t<div data-dce-background-image-url=\"https:\/\/www.gv-crepi.be\/app\/uploads\/2025\/08\/gevelbepleistering.jpg\" class=\"elementor-element elementor-element-9fbe948 hero e-flex e-con-boxed e-con e-parent\" data-id=\"9fbe948\" data-element_type=\"container\" data-e-type=\"container\" data-settings=\"{&quot;background_background&quot;:&quot;classic&quot;}\">\n\t\t\t\t\t<div class=\"e-con-inner\">\n\t\t\t\t<div data-dce-title-color=\"#FFFFFF\" class=\"elementor-element elementor-element-ded6f44 elementor-widget elementor-widget-heading\" data-id=\"ded6f44\" data-element_type=\"widget\" data-e-type=\"widget\" data-widget_type=\"heading.default\">\n\t\t\t\t\t<h1 class=\"elementor-heading-title elementor-size-default\"><span>Synth\u00e9tique<\/span> <span>enduit de fa\u00e7ade<\/span><\/h1>\t\t\t\t<\/div>\n\t\t\t\t\t<\/div>\n\t\t\t\t<\/div>\n\t\t<div class=\"elementor-element elementor-element-4430a69 e-flex e-con-boxed e-con e-parent\" data-id=\"4430a69\" data-element_type=\"container\" data-e-type=\"container\">\n\t\t\t\t\t<div class=\"e-con-inner\">\n\t\t<div class=\"elementor-element elementor-element-98763d1 e-con-full e-flex e-con e-child\" data-id=\"98763d1\" data-element_type=\"container\" data-e-type=\"container\">\n\t\t\t\t<div class=\"elementor-element elementor-element-8ac5d67 elementor-widget elementor-widget-text-editor\" data-id=\"8ac5d67\" data-element_type=\"widget\" data-e-type=\"widget\" data-widget_type=\"text-editor.default\">\n\t\t\t\t\t\t\t\t\t<p class=\"translation-block\">Il existe <strong>diff\u00e9rents types<\/strong> d'enduits synth\u00e9tiques pour fa\u00e7ades, qui n\u00e9cessitent chacun une approche diff\u00e9rente. Chez G&amp;V, nous connaissons parfaitement une large gamme de mat\u00e9riaux.<\/p>\t\t\t\t\t\t\t\t<\/div>\n\t\t\t\t<\/div>\n\t\t\t\t\t<\/div>\n\t\t\t\t<\/div>\n\t\t<div class=\"elementor-element elementor-element-8426e8a e-flex e-con-boxed e-con e-parent\" data-id=\"8426e8a\" data-element_type=\"container\" data-e-type=\"container\">\n\t\t\t\t\t<div class=\"e-con-inner\">\n\t\t<div class=\"elementor-element elementor-element-1645b2a e-con-full e-flex e-con e-child\" data-id=\"1645b2a\" data-element_type=\"container\" data-e-type=\"container\">\n\t\t\t\t<div class=\"elementor-element elementor-element-5e9f199 elementor-widget elementor-widget-heading\" data-id=\"5e9f199\" data-element_type=\"widget\" data-e-type=\"widget\" data-widget_type=\"heading.default\">\n\t\t\t\t\t<h2 class=\"elementor-heading-title elementor-size-default\">Avantages du cr\u00e9pi synth\u00e9tique<\/h2>\t\t\t\t<\/div>\n\t\t\t\t<div class=\"elementor-element elementor-element-ff9b576 elementor-widget elementor-widget-text-editor\" data-id=\"ff9b576\" data-element_type=\"widget\" data-e-type=\"widget\" data-widget_type=\"text-editor.default\">\n\t\t\t\t\t\t\t\t\t<p class=\"translation-block\">Le cr\u00e9pi synth\u00e9tique est l'un des rev\u00eatements de fa\u00e7ade les plus durables. Et ce, pour les raisons suivantes :<\/p>\n<ul>\n<li>Le cr\u00e9pi de fa\u00e7ade est assez \u00e9lastique et donc r\u00e9sistant aux fissures.<\/li>\n<li>Le cr\u00eape synth\u00e9tique est r\u00e9sistant \u00e0 la salet\u00e9 et \u00e0 l'eau.<\/li>\n<li>Le rev\u00eatement de fa\u00e7ade r\u00e9siste bien aux intemp\u00e9ries.<\/li>\n<\/ul>\n<p class=\"translation-block\"><br \/>Ce cr\u00e9pi de fa\u00e7ade peut \u00eatre appliqu\u00e9 sur toutes les surfaces. R\u00e9novation ou nouvelle construction ? Avec une fa\u00e7ade en cr\u00e9pi, vous faites toujours le bon choix.<\/p>\t\t\t\t\t\t\t\t<\/div>\n\t\t\t\t<\/div>\n\t\t<div class=\"elementor-element elementor-element-152ef6e e-con-full e-flex e-con e-child\" data-id=\"152ef6e\" data-element_type=\"container\" data-e-type=\"container\">\n\t\t\t\t<div class=\"elementor-element elementor-element-e324c8e elementor-widget elementor-widget-heading\" data-id=\"e324c8e\" data-element_type=\"widget\" data-e-type=\"widget\" data-widget_type=\"heading.default\">\n\t\t\t\t\t<h2 class=\"elementor-heading-title elementor-size-default\">Diff\u00e9rents types<\/h2>\t\t\t\t<\/div>\n\t\t\t\t<div class=\"elementor-element elementor-element-fa7c541 elementor-widget elementor-widget-text-editor\" data-id=\"fa7c541\" data-element_type=\"widget\" data-e-type=\"widget\" data-widget_type=\"text-editor.default\">\n\t\t\t\t\t\t\t\t\t<p class=\"translation-block\">Le <strong>enduit synth\u00e9tique le plus qualitatif et le plus utilis\u00e9 <\/strong>est l'<strong>enduit autonettoyant \u00e0 base de r\u00e9sine silicone<\/strong>. Il est principalement utilis\u00e9 comme enduit de finition. L'enduit est livr\u00e9 color\u00e9 et appliqu\u00e9 en une seule couche selon la granulom\u00e9trie souhait\u00e9e. Les possibilit\u00e9s de couleurs sont presque illimit\u00e9es.<\/p><p class=\"translation-block\">Vous pouvez \u00e9galement opter pour un <strong>enduit lisse<\/strong>. Cet enduit de fa\u00e7ade, dont le grain est inf\u00e9rieur \u00e0 0,5 mm, rend la surface uniforme et est fini avec une peinture \u00e0 base de r\u00e9sine silicone.\u00a0<\/p><p class=\"translation-block\">Vous souhaitez en savoir plus sur les <strong>diff\u00e9rents types d'enduits de fa\u00e7ade<\/strong> ? N'h\u00e9sitez pas \u00e0 <a href=\"\/fr\/contact\/\">nous contacter<\/a>. Nous nous ferons un plaisir de vous conseiller.\u00a0<\/p>\t\t\t\t\t\t\t\t<\/div>\n\t\t\t\t<\/div>\n\t\t\t\t\t<\/div>\n\t\t\t\t<\/div>\n\t\t\t\t<\/div>","protected":false},"excerpt":{"rendered":"<p>Synthetische gevelpleister Synthetische gevelpleister bestaat in\u00a0verschillende soorten, die elk om een verschillende aanpak vragen. Bij G&amp;V zijn we ruimschoots vertrouwd met een ruim gamma aan materialen. Voordelen van synthetische gevelpleister Synthetische gevelpleister is een van de meest duurzame gevelbekledingen. En wel om deze redenen: De gevelpleister is vrij elastisch en dus ongevoelig voor scheuren; Synthetische [&hellip;]<\/p>\n","protected":false},"author":1,"featured_media":0,"parent":178,"menu_order":2,"comment_status":"closed","ping_status":"open","template":"","meta":{"_acf_changed":false,"footnotes":""},"class_list":["post-212","page","type-page","status-publish","hentry"],"acf":[],"_links":{"self":[{"href":"https:\/\/www.gv-crepi.be\/fr\/wp-json\/wp\/v2\/pages\/212","targetHints":{"allow":["GET"]}}],"collection":[{"href":"https:\/\/www.gv-crepi.be\/fr\/wp-json\/wp\/v2\/pages"}],"about":[{"href":"https:\/\/www.gv-crepi.be\/fr\/wp-json\/wp\/v2\/types\/page"}],"author":[{"embeddable":true,"href":"https:\/\/www.gv-crepi.be\/fr\/wp-json\/wp\/v2\/users\/1"}],"replies":[{"embeddable":true,"href":"https:\/\/www.gv-crepi.be\/fr\/wp-json\/wp\/v2\/comments?post=212"}],"version-history":[{"count":25,"href":"https:\/\/www.gv-crepi.be\/fr\/wp-json\/wp\/v2\/pages\/212\/revisions"}],"predecessor-version":[{"id":774,"href":"https:\/\/www.gv-crepi.be\/fr\/wp-json\/wp\/v2\/pages\/212\/revisions\/774"}],"up":[{"embeddable":true,"href":"https:\/\/www.gv-crepi.be\/fr\/wp-json\/wp\/v2\/pages\/178"}],"wp:attachment":[{"href":"https:\/\/www.gv-crepi.be\/fr\/wp-json\/wp\/v2\/media?parent=212"}],"curies":[{"name":"wp","href":"https:\/\/api.w.org\/{rel}","templated":true}]}}