{"id":240,"date":"2025-08-14T21:20:36","date_gmt":"2025-08-14T21:20:36","guid":{"rendered":"https:\/\/www.gv-crepi.be\/?page_id=240"},"modified":"2025-08-15T18:58:55","modified_gmt":"2025-08-15T18:58:55","slug":"methode-de-travail","status":"publish","type":"page","link":"https:\/\/www.gv-crepi.be\/fr\/crepi\/werkwijze\/","title":{"rendered":"M\u00e9thode de travail"},"content":{"rendered":"<div data-elementor-type=\"wp-page\" data-elementor-id=\"240\" class=\"elementor elementor-240\" data-elementor-post-type=\"page\">\n\t\t\t\t<div data-dce-background-image-url=\"https:\/\/www.gv-crepi.be\/app\/uploads\/2025\/08\/gevelbepleistering.jpg\" class=\"elementor-element elementor-element-260bfa9 hero e-flex e-con-boxed e-con e-parent\" data-id=\"260bfa9\" data-element_type=\"container\" data-e-type=\"container\" data-settings=\"{&quot;background_background&quot;:&quot;classic&quot;}\">\n\t\t\t\t\t<div class=\"e-con-inner\">\n\t\t\t\t<div data-dce-title-color=\"#FFFFFF\" class=\"elementor-element elementor-element-bc640df elementor-widget elementor-widget-heading\" data-id=\"bc640df\" data-element_type=\"widget\" data-e-type=\"widget\" data-widget_type=\"heading.default\">\n\t\t\t\t\t<h1 class=\"elementor-heading-title elementor-size-default\"><span>Cr\u00e9pi pour<\/span> <span>votre fa\u00e7ade<\/span><\/h1>\t\t\t\t<\/div>\n\t\t\t\t\t<\/div>\n\t\t\t\t<\/div>\n\t\t<div class=\"elementor-element elementor-element-8426e8a e-flex e-con-boxed e-con e-parent\" data-id=\"8426e8a\" data-element_type=\"container\" data-e-type=\"container\">\n\t\t\t\t\t<div class=\"e-con-inner\">\n\t\t<div class=\"elementor-element elementor-element-1645b2a e-con-full e-flex e-con e-child\" data-id=\"1645b2a\" data-element_type=\"container\" data-e-type=\"container\">\n\t\t\t\t<div class=\"elementor-element elementor-element-5e9f199 elementor-widget elementor-widget-heading\" data-id=\"5e9f199\" data-element_type=\"widget\" data-e-type=\"widget\" data-widget_type=\"heading.default\">\n\t\t\t\t\t<h2 class=\"elementor-heading-title elementor-size-default\">Analyse de votre fa\u00e7ade<\/h2>\t\t\t\t<\/div>\n\t\t\t\t<div class=\"elementor-element elementor-element-ff9b576 elementor-widget elementor-widget-text-editor\" data-id=\"ff9b576\" data-element_type=\"widget\" data-e-type=\"widget\" data-widget_type=\"text-editor.default\">\n\t\t\t\t\t\t\t\t\t<p class=\"translation-block\">L'application d'un cr\u00e9pi est un travail de pr\u00e9cision qui n\u00e9cessite une bonne pr\u00e9paration. C'est pourquoi nous proc\u00e9dons d'abord \u00e0 une analyse des travaux. Nous prenons des mesures sur place afin de d\u00e9terminer les mat\u00e9riaux et la technique \u00e0 utiliser. Chaque fa\u00e7ade cr\u00e9pi n\u00e9cessite en effet une approche diff\u00e9rente.<\/p>\n<p class=\"translation-block\">Sur la base de cette analyse, nous \u00e9tablissons un <strong>devis sans engagement<\/strong>. Afin d'\u00e9viter tout malentendu, vous recevrez <strong>toujours un prix complet<\/strong>. Si vous acceptez notre proposition, nous \u00e9tablissons une confirmation de commande mentionnant le choix de la couleur et le d\u00e9lai d'ex\u00e9cution.<\/p>\t\t\t\t\t\t\t\t<\/div>\n\t\t\t\t<\/div>\n\t\t<div class=\"elementor-element elementor-element-152ef6e e-con-full e-flex e-con e-child\" data-id=\"152ef6e\" data-element_type=\"container\" data-e-type=\"container\">\n\t\t\t\t<div class=\"elementor-element elementor-element-e324c8e elementor-widget elementor-widget-heading\" data-id=\"e324c8e\" data-element_type=\"widget\" data-e-type=\"widget\" data-widget_type=\"heading.default\">\n\t\t\t\t\t<h2 class=\"elementor-heading-title elementor-size-default\">Faire poser du cr\u00e9pi sans nuisance<\/h2>\t\t\t\t<\/div>\n\t\t\t\t<div class=\"elementor-element elementor-element-fa7c541 elementor-widget elementor-widget-text-editor\" data-id=\"fa7c541\" data-element_type=\"widget\" data-e-type=\"widget\" data-widget_type=\"text-editor.default\">\n\t\t\t\t\t\t\t\t\t<p class=\"translation-block\">Vous souhaitez r\u00e9nover votre fa\u00e7ade sans travaux de d\u00e9molition ni nuisances ? Le cr\u00e9pi est alors un excellent choix. Pendant les travaux, vos fen\u00eatres, portes et trottoirs sont enti\u00e8rement recouverts et parfaitement prot\u00e9g\u00e9s. Pour appliquer le cr\u00e9pi sur votre fa\u00e7ade, nous proc\u00e9dons comme suit :<\/p><ul><li>Nous installons des profil\u00e9s d'angle et d'arr\u00eat pour renforcer la structure.<\/li><li>Les zones sensibles aux fissures sont renforc\u00e9es \u00e0 l'aide d'un treillis d'armature.<\/li><li><a href=\"https:\/\/www.gv-crepi.be\/fr\/crepi\/enduit-de-facade\/\">Enduit de fa\u00e7ade<\/a>\u00a0est appliqu\u00e9 en plusieurs couches : couche de pr\u00e9-pulv\u00e9risation (si n\u00e9cessaire), couche de fond avec tissu d'armature, couche d'appr\u00eat et couche de finition ;<\/li><li>Pour mettre les points sur les i, nous nous chargeons du jointoiement des profil\u00e9s entre le cr\u00e9pi, les fen\u00eatres et les portes.<\/li><\/ul><p class=\"translation-block\">Bien entendu, le chantier sera enti\u00e8rement nettoy\u00e9 et les d\u00e9chets seront \u00e9limin\u00e9s apr\u00e8s les travaux.<\/p>\t\t\t\t\t\t\t\t<\/div>\n\t\t\t\t<\/div>\n\t\t\t\t\t<\/div>\n\t\t\t\t<\/div>\n\t\t<div class=\"elementor-element elementor-element-d5f5e4d e-flex e-con-boxed e-con e-parent\" data-id=\"d5f5e4d\" data-element_type=\"container\" data-e-type=\"container\">\n\t\t\t\t\t<div class=\"e-con-inner\">\n\t\t<div class=\"elementor-element elementor-element-e2fe158 e-con-full e-flex e-con e-child\" data-id=\"e2fe158\" data-element_type=\"container\" data-e-type=\"container\">\n\t\t\t\t<div class=\"elementor-element elementor-element-b10397e elementor-widget elementor-widget-text-editor\" data-id=\"b10397e\" data-element_type=\"widget\" data-e-type=\"widget\" data-widget_type=\"text-editor.default\">\n\t\t\t\t\t\t\t\t\t<p class=\"translation-block\">Vous souhaitez faire appliquer un cr\u00e9pi sur votre fa\u00e7ade et vous souhaitez obtenir plus d'informations \u00e0 ce sujet ? N'h\u00e9sitez pas \u00e0 <a href=\"\/fr\/contact\/\">nous contacter<\/a> ou \u00e0 demander un <a href=\"\/fr\/contact\/\">devis<\/a> sans engagement.\u00a0<\/p>\t\t\t\t\t\t\t\t<\/div>\n\t\t\t\t<\/div>\n\t\t\t\t\t<\/div>\n\t\t\t\t<\/div>\n\t\t\t\t<\/div>","protected":false},"excerpt":{"rendered":"<p>Crepi voor uw gevel Analyse van uw gevel Crepi aanbrengen is een nauwkeurig werk dat een goede voorbereiding vereist. Daarom maken wij eerst een\u00a0analyse van de werken. We maken\u00a0opmetingen ter plaatse\u00a0en bepalen zo welke materialen en welke techniek we toepassen. Elke crepi gevel vraagt immers om een verschillende aanpak. Op basis van deze analyse werken [&hellip;]<\/p>\n","protected":false},"author":1,"featured_media":0,"parent":178,"menu_order":3,"comment_status":"closed","ping_status":"open","template":"","meta":{"_acf_changed":false,"footnotes":""},"class_list":["post-240","page","type-page","status-publish","hentry"],"acf":[],"_links":{"self":[{"href":"https:\/\/www.gv-crepi.be\/fr\/wp-json\/wp\/v2\/pages\/240","targetHints":{"allow":["GET"]}}],"collection":[{"href":"https:\/\/www.gv-crepi.be\/fr\/wp-json\/wp\/v2\/pages"}],"about":[{"href":"https:\/\/www.gv-crepi.be\/fr\/wp-json\/wp\/v2\/types\/page"}],"author":[{"embeddable":true,"href":"https:\/\/www.gv-crepi.be\/fr\/wp-json\/wp\/v2\/users\/1"}],"replies":[{"embeddable":true,"href":"https:\/\/www.gv-crepi.be\/fr\/wp-json\/wp\/v2\/comments?post=240"}],"version-history":[{"count":19,"href":"https:\/\/www.gv-crepi.be\/fr\/wp-json\/wp\/v2\/pages\/240\/revisions"}],"predecessor-version":[{"id":777,"href":"https:\/\/www.gv-crepi.be\/fr\/wp-json\/wp\/v2\/pages\/240\/revisions\/777"}],"up":[{"embeddable":true,"href":"https:\/\/www.gv-crepi.be\/fr\/wp-json\/wp\/v2\/pages\/178"}],"wp:attachment":[{"href":"https:\/\/www.gv-crepi.be\/fr\/wp-json\/wp\/v2\/media?parent=240"}],"curies":[{"name":"wp","href":"https:\/\/api.w.org\/{rel}","templated":true}]}}