{"id":285,"date":"2025-08-14T21:39:42","date_gmt":"2025-08-14T21:39:42","guid":{"rendered":"https:\/\/www.gv-crepi.be\/?page_id=285"},"modified":"2025-08-15T18:59:25","modified_gmt":"2025-08-15T18:59:25","slug":"tuiles-de-fenetre-avant-toits","status":"publish","type":"page","link":"https:\/\/www.gv-crepi.be\/fr\/crepi\/raamtabletten-dakranden\/","title":{"rendered":"Raamtabletten &amp; Dakranden"},"content":{"rendered":"<div data-elementor-type=\"wp-page\" data-elementor-id=\"285\" class=\"elementor elementor-285\" data-elementor-post-type=\"page\">\n\t\t\t\t<div data-dce-background-image-url=\"https:\/\/www.gv-crepi.be\/app\/uploads\/2025\/08\/gevelbepleistering.jpg\" class=\"elementor-element elementor-element-260bfa9 hero e-flex e-con-boxed e-con e-parent\" data-id=\"260bfa9\" data-element_type=\"container\" data-e-type=\"container\" data-settings=\"{&quot;background_background&quot;:&quot;classic&quot;}\">\n\t\t\t\t\t<div class=\"e-con-inner\">\n\t\t\t\t<div data-dce-title-color=\"#FFFFFF\" class=\"elementor-element elementor-element-bc640df elementor-widget elementor-widget-heading\" data-id=\"bc640df\" data-element_type=\"widget\" data-e-type=\"widget\" data-widget_type=\"heading.default\">\n\t\t\t\t\t<h1 class=\"elementor-heading-title elementor-size-default\"><span>G&amp;V fait \u00e9galement<\/span> <span>tablette de fen\u00eatre et bordures de toit<\/span><\/h1>\t\t\t\t<\/div>\n\t\t\t\t\t<\/div>\n\t\t\t\t<\/div>\n\t\t<div class=\"elementor-element elementor-element-d5f5e4d e-flex e-con-boxed e-con e-parent\" data-id=\"d5f5e4d\" data-element_type=\"container\" data-e-type=\"container\">\n\t\t\t\t\t<div class=\"e-con-inner\">\n\t\t<div class=\"elementor-element elementor-element-e2fe158 e-con-full e-flex e-con e-child\" data-id=\"e2fe158\" data-element_type=\"container\" data-e-type=\"container\">\n\t\t\t\t<div class=\"elementor-element elementor-element-b10397e elementor-widget elementor-widget-text-editor\" data-id=\"b10397e\" data-element_type=\"widget\" data-e-type=\"widget\" data-widget_type=\"text-editor.default\">\n\t\t\t\t\t\t\t\t\t<p class=\"translation-block\">Dans les syst\u00e8mes avec isolation des fa\u00e7ades, il est g\u00e9n\u00e9ralement n\u00e9cessaire d'adapter les appuis de fen\u00eatre et les bordures de toit des habitations existantes, car l'\u00e9paisseur de l'isolation ne laisse plus suffisamment de d\u00e9bord.<\/p>\t\t\t\t\t\t\t\t<\/div>\n\t\t\t\t<\/div>\n\t\t\t\t\t<\/div>\n\t\t\t\t<\/div>\n\t\t<div class=\"elementor-element elementor-element-8426e8a e-flex e-con-boxed e-con e-parent\" data-id=\"8426e8a\" data-element_type=\"container\" data-e-type=\"container\">\n\t\t\t\t\t<div class=\"e-con-inner\">\n\t\t<div class=\"elementor-element elementor-element-1645b2a e-con-full e-flex e-con e-child\" data-id=\"1645b2a\" data-element_type=\"container\" data-e-type=\"container\">\n\t\t\t\t<div class=\"elementor-element elementor-element-ff9b576 elementor-widget elementor-widget-text-editor\" data-id=\"ff9b576\" data-element_type=\"widget\" data-e-type=\"widget\" data-widget_type=\"text-editor.default\">\n\t\t\t\t\t\t\t\t\t<p class=\"translation-block\">Pour les <strong>tablette de fen\u00eatre <\/strong>, on utilise g\u00e9n\u00e9ralement un profil\u00e9 en aluminium avec des embouts sur les c\u00f4t\u00e9s.<\/p><p class=\"translation-block\">Les <strong>bordures de toit <\/strong>sont \u00e9galement g\u00e9n\u00e9ralement en aluminium.<\/p><p class=\"translation-block\">La largeur des bordures de toit et des rebords de fen\u00eatre est ajust\u00e9e afin de garantir un d\u00e9passement suffisant par rapport \u00e0 la couche de cr\u00e9pi finie. Il est \u00e9galement possible de peindre les rebords et les bordures de toit avec un rev\u00eatement polyester dans une couleur RAL au choix.<\/p><p class=\"translation-block\">Pour plus d'informations sur les tablettes de fen\u00eatre et les bordures de toit, veuillez <a href=\"\/fr\/contact\/\">nous contacter<\/a>.\u00a0<\/p>\t\t\t\t\t\t\t\t<\/div>\n\t\t\t\t<\/div>\n\t\t\t\t\t<\/div>\n\t\t\t\t<\/div>\n\t\t\t\t<\/div>","protected":false},"excerpt":{"rendered":"<p>G&amp;V doet ook raamtabletten &amp; dakranden Vooral bij systemen met gevelisolatie is het meestal noodzakelijk om bij bestaande woningen raamtabletten en dakranden aan te passen, daar er niet meer voldoende oversteek is ten gevolge van de isolatiedikte. Voor de\u00a0raamtabletten\u00a0wordt er meestal gewerkt met een aluminium opzetprofiel met afsluitstukjes aan de zijkanten. De\u00a0dakranden\u00a0zijn eveneens meestal in [&hellip;]<\/p>\n","protected":false},"author":1,"featured_media":0,"parent":178,"menu_order":4,"comment_status":"closed","ping_status":"open","template":"","meta":{"_acf_changed":false,"footnotes":""},"class_list":["post-285","page","type-page","status-publish","hentry"],"acf":[],"_links":{"self":[{"href":"https:\/\/www.gv-crepi.be\/fr\/wp-json\/wp\/v2\/pages\/285","targetHints":{"allow":["GET"]}}],"collection":[{"href":"https:\/\/www.gv-crepi.be\/fr\/wp-json\/wp\/v2\/pages"}],"about":[{"href":"https:\/\/www.gv-crepi.be\/fr\/wp-json\/wp\/v2\/types\/page"}],"author":[{"embeddable":true,"href":"https:\/\/www.gv-crepi.be\/fr\/wp-json\/wp\/v2\/users\/1"}],"replies":[{"embeddable":true,"href":"https:\/\/www.gv-crepi.be\/fr\/wp-json\/wp\/v2\/comments?post=285"}],"version-history":[{"count":13,"href":"https:\/\/www.gv-crepi.be\/fr\/wp-json\/wp\/v2\/pages\/285\/revisions"}],"predecessor-version":[{"id":780,"href":"https:\/\/www.gv-crepi.be\/fr\/wp-json\/wp\/v2\/pages\/285\/revisions\/780"}],"up":[{"embeddable":true,"href":"https:\/\/www.gv-crepi.be\/fr\/wp-json\/wp\/v2\/pages\/178"}],"wp:attachment":[{"href":"https:\/\/www.gv-crepi.be\/fr\/wp-json\/wp\/v2\/media?parent=285"}],"curies":[{"name":"wp","href":"https:\/\/api.w.org\/{rel}","templated":true}]}}