{"id":290,"date":"2025-08-14T21:41:38","date_gmt":"2025-08-14T21:41:38","guid":{"rendered":"https:\/\/www.gv-crepi.be\/?page_id=290"},"modified":"2025-08-15T18:59:58","modified_gmt":"2025-08-15T18:59:58","slug":"garniture-de-socle","status":"publish","type":"page","link":"https:\/\/www.gv-crepi.be\/fr\/crepi\/plint-sokkelafwerking\/","title":{"rendered":"Plint &amp; Sokkelafwerking"},"content":{"rendered":"<div data-elementor-type=\"wp-page\" data-elementor-id=\"290\" class=\"elementor elementor-290\" data-elementor-post-type=\"page\">\n\t\t\t\t<div data-dce-background-image-url=\"https:\/\/www.gv-crepi.be\/app\/uploads\/2025\/08\/gevelbepleistering.jpg\" class=\"elementor-element elementor-element-260bfa9 hero e-flex e-con-boxed e-con e-parent\" data-id=\"260bfa9\" data-element_type=\"container\" data-e-type=\"container\" data-settings=\"{&quot;background_background&quot;:&quot;classic&quot;}\">\n\t\t\t\t\t<div class=\"e-con-inner\">\n\t\t\t\t<div data-dce-title-color=\"#FFFFFF\" class=\"elementor-element elementor-element-bc640df elementor-widget elementor-widget-heading\" data-id=\"bc640df\" data-element_type=\"widget\" data-e-type=\"widget\" data-widget_type=\"heading.default\">\n\t\t\t\t\t<h1 class=\"elementor-heading-title elementor-size-default\"><span>Plinthe &amp;<\/span> <span>Finition du socle<\/span><\/h1>\t\t\t\t<\/div>\n\t\t\t\t\t<\/div>\n\t\t\t\t<\/div>\n\t\t<div class=\"elementor-element elementor-element-d5f5e4d e-flex e-con-boxed e-con e-parent\" data-id=\"d5f5e4d\" data-element_type=\"container\" data-e-type=\"container\">\n\t\t\t\t\t<div class=\"e-con-inner\">\n\t\t<div class=\"elementor-element elementor-element-e2fe158 e-con-full e-flex e-con e-child\" data-id=\"e2fe158\" data-element_type=\"container\" data-e-type=\"container\">\n\t\t\t\t<div class=\"elementor-element elementor-element-b10397e elementor-widget elementor-widget-text-editor\" data-id=\"b10397e\" data-element_type=\"widget\" data-e-type=\"widget\" data-widget_type=\"text-editor.default\">\n\t\t\t\t\t\t\t\t\t<p class=\"translation-block\">Pour la <strong>finition des plinthes ou des socles<\/strong>, il existe \u00e9galement diverses possibilit\u00e9s, tant en <a href=\"\/fr\/crepi\/\">enduit <\/a>qu'en pierre naturelle ou autres mat\u00e9riaux.<\/p>\t\t\t\t\t\t\t\t<\/div>\n\t\t\t\t<\/div>\n\t\t\t\t\t<\/div>\n\t\t\t\t<\/div>\n\t\t<div class=\"elementor-element elementor-element-8426e8a e-flex e-con-boxed e-con e-parent\" data-id=\"8426e8a\" data-element_type=\"container\" data-e-type=\"container\">\n\t\t\t\t\t<div class=\"e-con-inner\">\n\t\t<div class=\"elementor-element elementor-element-1645b2a e-con-full e-flex e-con e-child\" data-id=\"1645b2a\" data-element_type=\"container\" data-e-type=\"container\">\n\t\t\t\t<div class=\"elementor-element elementor-element-8d1cd48 elementor-widget elementor-widget-heading\" data-id=\"8d1cd48\" data-element_type=\"widget\" data-e-type=\"widget\" data-widget_type=\"heading.default\">\n\t\t\t\t\t<h2 class=\"elementor-heading-title elementor-size-default\">Finition des plinthes en pl\u00e2tre\n<\/h2>\t\t\t\t<\/div>\n\t\t\t\t<div class=\"elementor-element elementor-element-ff9b576 elementor-widget elementor-widget-text-editor\" data-id=\"ff9b576\" data-element_type=\"widget\" data-e-type=\"widget\" data-widget_type=\"text-editor.default\">\n\t\t\t\t\t\t\t\t\t<p class=\"translation-block\">Les enduits granitiques sont sp\u00e9cialement con\u00e7us pour la finition des plinthes. Ces enduits sont totalement imperm\u00e9ables et durs \u00e0 l'ext\u00e9rieur, ce qui r\u00e9duit les risques de d\u00e9t\u00e9rioration. De plus, leur couleur n'est g\u00e9n\u00e9ralement pas uniforme, ce qui permet de camoufler plus facilement les \u00e9ventuelles salissures.<\/p>\t\t\t\t\t\t\t\t<\/div>\n\t\t\t\t<\/div>\n\t\t<div class=\"elementor-element elementor-element-71a7208 e-con-full e-flex e-con e-child\" data-id=\"71a7208\" data-element_type=\"container\" data-e-type=\"container\">\n\t\t\t\t<div class=\"elementor-element elementor-element-d1eff69 elementor-widget elementor-widget-heading\" data-id=\"d1eff69\" data-element_type=\"widget\" data-e-type=\"widget\" data-widget_type=\"heading.default\">\n\t\t\t\t\t<h2 class=\"elementor-heading-title elementor-size-default\">Finition des plinthes en pierre naturelle\n<\/h2>\t\t\t\t<\/div>\n\t\t\t\t<div class=\"elementor-element elementor-element-7a62e8a elementor-widget elementor-widget-text-editor\" data-id=\"7a62e8a\" data-element_type=\"widget\" data-e-type=\"widget\" data-widget_type=\"text-editor.default\">\n\t\t\t\t\t\t\t\t\t<p class=\"translation-block\">Une finition en plinthe avec de la pierre naturelle, g\u00e9n\u00e9ralement de la pierre bleue, offre un r\u00e9sultat \u00e9l\u00e9gant et tr\u00e8s styl\u00e9. D'autres finitions en pierre naturelle sont \u00e9galement possibles.<\/p>\t\t\t\t\t\t\t\t<\/div>\n\t\t\t\t<\/div>\n\t\t<div class=\"elementor-element elementor-element-ba6ae0a e-con-full e-flex e-con e-child\" data-id=\"ba6ae0a\" data-element_type=\"container\" data-e-type=\"container\">\n\t\t\t\t<div class=\"elementor-element elementor-element-b921bd8 elementor-widget elementor-widget-heading\" data-id=\"b921bd8\" data-element_type=\"widget\" data-e-type=\"widget\" data-widget_type=\"heading.default\">\n\t\t\t\t\t<h2 class=\"elementor-heading-title elementor-size-default\">Autres finitions\n<\/h2>\t\t\t\t<\/div>\n\t\t\t\t<div class=\"elementor-element elementor-element-47143ad elementor-widget elementor-widget-text-editor\" data-id=\"47143ad\" data-element_type=\"widget\" data-e-type=\"widget\" data-widget_type=\"text-editor.default\">\n\t\t\t\t\t\t\t\t\t<p class=\"translation-block\">Bien entendu, presque tous les mat\u00e9riaux r\u00e9sistants aux intemp\u00e9ries peuvent \u00eatre utilis\u00e9s pour finir la plinthe ou le socle.<\/p>\t\t\t\t\t\t\t\t<\/div>\n\t\t\t\t<\/div>\n\t\t\t\t\t<\/div>\n\t\t\t\t<\/div>\n\t\t\t\t<\/div>","protected":false},"excerpt":{"rendered":"<p>Plint &amp; Sokkelafwerking Voor de\u00a0plint of sokkelafwerking\u00a0zijn er eveneens diverse mogelijkheden, zowel in\u00a0bepleistering\u00a0als natuursteen als andere materialen. Plintafwerking in pleister Granietpleisters zijn specifiek ontworpen om toe te passen voor de plintafwerking. Deze pleisters zijn volledig waterwerend en hard aan de buitenzijde zodat er minder kans is op beschadiging. Tevens is deze pleister meestal niet uniform [&hellip;]<\/p>\n","protected":false},"author":1,"featured_media":0,"parent":178,"menu_order":5,"comment_status":"closed","ping_status":"open","template":"","meta":{"_acf_changed":false,"footnotes":""},"class_list":["post-290","page","type-page","status-publish","hentry"],"acf":[],"_links":{"self":[{"href":"https:\/\/www.gv-crepi.be\/fr\/wp-json\/wp\/v2\/pages\/290","targetHints":{"allow":["GET"]}}],"collection":[{"href":"https:\/\/www.gv-crepi.be\/fr\/wp-json\/wp\/v2\/pages"}],"about":[{"href":"https:\/\/www.gv-crepi.be\/fr\/wp-json\/wp\/v2\/types\/page"}],"author":[{"embeddable":true,"href":"https:\/\/www.gv-crepi.be\/fr\/wp-json\/wp\/v2\/users\/1"}],"replies":[{"embeddable":true,"href":"https:\/\/www.gv-crepi.be\/fr\/wp-json\/wp\/v2\/comments?post=290"}],"version-history":[{"count":13,"href":"https:\/\/www.gv-crepi.be\/fr\/wp-json\/wp\/v2\/pages\/290\/revisions"}],"predecessor-version":[{"id":783,"href":"https:\/\/www.gv-crepi.be\/fr\/wp-json\/wp\/v2\/pages\/290\/revisions\/783"}],"up":[{"embeddable":true,"href":"https:\/\/www.gv-crepi.be\/fr\/wp-json\/wp\/v2\/pages\/178"}],"wp:attachment":[{"href":"https:\/\/www.gv-crepi.be\/fr\/wp-json\/wp\/v2\/media?parent=290"}],"curies":[{"name":"wp","href":"https:\/\/api.w.org\/{rel}","templated":true}]}}