{"id":295,"date":"2025-08-14T21:44:26","date_gmt":"2025-08-14T21:44:26","guid":{"rendered":"https:\/\/www.gv-crepi.be\/?page_id=295"},"modified":"2025-08-16T20:04:47","modified_gmt":"2025-08-16T20:04:47","slug":"lisolation","status":"publish","type":"page","link":"https:\/\/www.gv-crepi.be\/fr\/crepi\/isolatie\/","title":{"rendered":"Isolation"},"content":{"rendered":"<div data-elementor-type=\"wp-page\" data-elementor-id=\"295\" class=\"elementor elementor-295\" data-elementor-post-type=\"page\">\n\t\t\t\t<div data-dce-background-image-url=\"https:\/\/www.gv-crepi.be\/app\/uploads\/2025\/08\/gevelbepleistering.jpg\" class=\"elementor-element elementor-element-260bfa9 hero e-flex e-con-boxed e-con e-parent\" data-id=\"260bfa9\" data-element_type=\"container\" data-e-type=\"container\" data-settings=\"{&quot;background_background&quot;:&quot;classic&quot;}\">\n\t\t\t\t\t<div class=\"e-con-inner\">\n\t\t\t\t<div data-dce-title-color=\"#FFFFFF\" class=\"elementor-element elementor-element-bc640df elementor-widget elementor-widget-heading\" data-id=\"bc640df\" data-element_type=\"widget\" data-e-type=\"widget\" data-widget_type=\"heading.default\">\n\t\t\t\t\t<h1 class=\"elementor-heading-title elementor-size-default\"><span>Fa\u00e7ade ext\u00e9rieure<\/span><span>isolation<\/span><\/h1>\t\t\t\t<\/div>\n\t\t\t\t\t<\/div>\n\t\t\t\t<\/div>\n\t\t<div class=\"elementor-element elementor-element-d5f5e4d e-flex e-con-boxed e-con e-parent\" data-id=\"d5f5e4d\" data-element_type=\"container\" data-e-type=\"container\">\n\t\t\t\t\t<div class=\"e-con-inner\">\n\t\t<div class=\"elementor-element elementor-element-e2fe158 e-con-full e-flex e-con e-child\" data-id=\"e2fe158\" data-element_type=\"container\" data-e-type=\"container\">\n\t\t\t\t<div class=\"elementor-element elementor-element-b10397e elementor-widget elementor-widget-text-editor\" data-id=\"b10397e\" data-element_type=\"widget\" data-e-type=\"widget\" data-widget_type=\"text-editor.default\">\n\t\t\t\t\t\t\t\t\t<p class=\"translation-block\">Une bonne <strong>isolation ext\u00e9rieure des murs<\/strong> ne peut que vous <strong>apporter des avantages<\/strong>.<\/p>\t\t\t\t\t\t\t\t<\/div>\n\t\t\t\t<div class=\"elementor-element elementor-element-6dec1c0 elementor-widget elementor-widget-text-editor\" data-id=\"6dec1c0\" data-element_type=\"widget\" data-e-type=\"widget\" data-widget_type=\"text-editor.default\">\n\t\t\t\t\t\t\t\t\t<p class=\"translation-block\">Votre consommation diminuera, ce qui vous permettra de r\u00e9aliser des \u00e9conomies sur votre <strong>facture \u00e9nerg\u00e9tique<\/strong>. Votre habitation sera plus <strong>saine<\/strong>. En effet, l'air vici\u00e9 sera mieux \u00e9vacu\u00e9, il y aura moins de <strong>courants d'air<\/strong> et le risque de <strong>probl\u00e8mes d'humidit\u00e9 sera r\u00e9duit<\/strong>. L'isolation ext\u00e9rieure donne \u00e9galement un <strong>tout nouveau look<\/strong> \u00e0 votre maison. Cet investissement dans votre habitation lui permettra donc de <strong>prendre de la valeur<\/strong>. Pensez \u00e9galement \u00e0 l'environnement : moins de consommation signifie <strong>moins d'\u00e9missions de CO2<\/strong>.<\/p>\t\t\t\t\t\t\t\t<\/div>\n\t\t\t\t<\/div>\n\t\t\t\t\t<\/div>\n\t\t\t\t<\/div>\n\t\t<div class=\"elementor-element elementor-element-8426e8a e-flex e-con-boxed e-con e-parent\" data-id=\"8426e8a\" data-element_type=\"container\" data-e-type=\"container\">\n\t\t\t\t\t<div class=\"e-con-inner\">\n\t\t<div class=\"elementor-element elementor-element-1645b2a e-con-full e-flex e-con e-child\" data-id=\"1645b2a\" data-element_type=\"container\" data-e-type=\"container\">\n\t\t\t\t<div class=\"elementor-element elementor-element-5e9f199 elementor-widget elementor-widget-heading\" data-id=\"5e9f199\" data-element_type=\"widget\" data-e-type=\"widget\" data-widget_type=\"heading.default\">\n\t\t\t\t\t<h2 class=\"elementor-heading-title elementor-size-default\">Isolation des fa\u00e7ades pour les b\u00e2timents existants<\/h2>\t\t\t\t<\/div>\n\t\t\t\t<div class=\"elementor-element elementor-element-ff9b576 elementor-widget elementor-widget-text-editor\" data-id=\"ff9b576\" data-element_type=\"widget\" data-e-type=\"widget\" data-widget_type=\"text-editor.default\">\n\t\t\t\t\t\t\t\t\t<p class=\"translation-block\">G&amp;V ne se limite pas \u00e0 l'isolation des fa\u00e7ades ext\u00e9rieures des <strong>nouvelles constructions<\/strong>, mais intervient \u00e9galement sur les <strong>b\u00e2timents existants<\/strong> qui ne sont pas suffisamment isol\u00e9s. Vous pouvez donc compter sur notre expertise et nos nombreuses ann\u00e9es d'exp\u00e9rience pour la mise en place d'une isolation efficace. De plus, nous travaillons uniquement avec des <strong>mat\u00e9riaux de haute qualit\u00e9<\/strong> et nous \u00e9tablissons des <strong>accords stricts<\/strong> avant le d\u00e9but des travaux. Vous n'aurez ainsi pas de mauvaises surprises.<\/p>\t\t\t\t\t\t\t\t<\/div>\n\t\t\t\t<\/div>\n\t\t<div class=\"elementor-element elementor-element-152ef6e e-con-full e-flex e-con e-child\" data-id=\"152ef6e\" data-element_type=\"container\" data-e-type=\"container\">\n\t\t\t\t<div class=\"elementor-element elementor-element-e324c8e elementor-widget elementor-widget-heading\" data-id=\"e324c8e\" data-element_type=\"widget\" data-e-type=\"widget\" data-widget_type=\"heading.default\">\n\t\t\t\t\t<h2 class=\"elementor-heading-title elementor-size-default\">Vous souhaitez en savoir plus ?<\/h2>\t\t\t\t<\/div>\n\t\t\t\t<div class=\"elementor-element elementor-element-fa7c541 elementor-widget elementor-widget-text-editor\" data-id=\"fa7c541\" data-element_type=\"widget\" data-e-type=\"widget\" data-widget_type=\"text-editor.default\">\n\t\t\t\t\t\t\t\t\t<p class=\"translation-block\">Vous souhaitez en savoir plus sur l'isolation des fa\u00e7ades ext\u00e9rieures ou sur <a href=\"\/fr\/crepi\/methode-de-travail\/\">notre m\u00e9thode de travail<\/a> ? N'h\u00e9sitez pas \u00e0 <a href=\"\/fr\/contact\/\">nous contacter<\/a>.<\/p><div id=\"content\" class=\"equal\" role=\"main\"><article class=\"pre\"><div class=\"body-text\"><div class=\"editor\"><p class=\"translation-block\">Consultez \u00e9galement le <strong>tableau des valeurs R<\/strong> des diff\u00e9rents types d'isolation : <a href=\"\/app\/uploads\/2025\/08\/R-waarden-Valeurs-R-Knauf-Etics.pdf\" target=\"_blank\" rel=\"noopener\">cliquez ici<\/a>.<\/p><\/div><\/div><\/article><\/div>\t\t\t\t\t\t\t\t<\/div>\n\t\t\t\t<\/div>\n\t\t\t\t\t<\/div>\n\t\t\t\t<\/div>\n\t\t\t\t<\/div>","protected":false},"excerpt":{"rendered":"<p>Buitengevelisolatie Een goede\u00a0buitengevelisolatie\u00a0kan u enkel\u00a0voordeel opleveren. Uw verbruik zal dalen, waardoor u bespaart op uw energiefactuur. Uw woning zal er\u00a0gezonder\u00a0door worden. Lucht van slechte kwaliteit wordt immers beter buitengehouden, het\u00a0tocht minder\u00a0en de kans op\u00a0vochtproblemen wordt gereduceerd. Buitengevelisolatie zorgt er daarnaast ook voor dat uw huis een\u00a0heel nieuw uiterlijk\u00a0krijgt. Die investering in uw woning zal er [&hellip;]<\/p>\n","protected":false},"author":1,"featured_media":0,"parent":178,"menu_order":6,"comment_status":"closed","ping_status":"open","template":"","meta":{"_acf_changed":false,"footnotes":""},"class_list":["post-295","page","type-page","status-publish","hentry"],"acf":[],"_links":{"self":[{"href":"https:\/\/www.gv-crepi.be\/fr\/wp-json\/wp\/v2\/pages\/295","targetHints":{"allow":["GET"]}}],"collection":[{"href":"https:\/\/www.gv-crepi.be\/fr\/wp-json\/wp\/v2\/pages"}],"about":[{"href":"https:\/\/www.gv-crepi.be\/fr\/wp-json\/wp\/v2\/types\/page"}],"author":[{"embeddable":true,"href":"https:\/\/www.gv-crepi.be\/fr\/wp-json\/wp\/v2\/users\/1"}],"replies":[{"embeddable":true,"href":"https:\/\/www.gv-crepi.be\/fr\/wp-json\/wp\/v2\/comments?post=295"}],"version-history":[{"count":16,"href":"https:\/\/www.gv-crepi.be\/fr\/wp-json\/wp\/v2\/pages\/295\/revisions"}],"predecessor-version":[{"id":875,"href":"https:\/\/www.gv-crepi.be\/fr\/wp-json\/wp\/v2\/pages\/295\/revisions\/875"}],"up":[{"embeddable":true,"href":"https:\/\/www.gv-crepi.be\/fr\/wp-json\/wp\/v2\/pages\/178"}],"wp:attachment":[{"href":"https:\/\/www.gv-crepi.be\/fr\/wp-json\/wp\/v2\/media?parent=295"}],"curies":[{"name":"wp","href":"https:\/\/api.w.org\/{rel}","templated":true}]}}