{"id":3,"date":"2025-08-11T12:12:31","date_gmt":"2025-08-11T12:12:31","guid":{"rendered":"https:\/\/www.gv-crepi.be\/?page_id=3"},"modified":"2025-08-16T17:10:31","modified_gmt":"2025-08-16T17:10:31","slug":"politique-de-confidentialite","status":"publish","type":"page","link":"https:\/\/www.gv-crepi.be\/fr\/privacybeleid\/","title":{"rendered":"Politique de confidentialit\u00e9"},"content":{"rendered":"<div data-elementor-type=\"wp-page\" data-elementor-id=\"3\" class=\"elementor elementor-3\" data-elementor-post-type=\"page\">\n\t\t\t\t<div data-dce-background-image-url=\"https:\/\/www.gv-crepi.be\/app\/uploads\/2025\/08\/gevelbepleistering.jpg\" class=\"elementor-element elementor-element-3bb6a09 hero e-flex e-con-boxed e-con e-parent\" data-id=\"3bb6a09\" data-element_type=\"container\" data-e-type=\"container\" data-settings=\"{&quot;background_background&quot;:&quot;classic&quot;}\">\n\t\t\t\t\t<div class=\"e-con-inner\">\n\t\t\t\t<div data-dce-title-color=\"#FFFFFF\" class=\"elementor-element elementor-element-d6befe9 elementor-widget elementor-widget-heading\" data-id=\"d6befe9\" data-element_type=\"widget\" data-e-type=\"widget\" data-widget_type=\"heading.default\">\n\t\t\t\t\t<h1 class=\"elementor-heading-title elementor-size-default\"><span>Nous<\/span> <span>Politique de confidentialit\u00e9<\/span><\/h1>\t\t\t\t<\/div>\n\t\t\t\t\t<\/div>\n\t\t\t\t<\/div>\n\t\t<div class=\"elementor-element elementor-element-39e0220e e-flex e-con-boxed e-con e-parent\" data-id=\"39e0220e\" data-element_type=\"container\" data-e-type=\"container\">\n\t\t\t\t\t<div class=\"e-con-inner\">\n\t\t\t\t<div class=\"elementor-element elementor-element-36fd3474 elementor-widget elementor-widget-text-editor\" data-id=\"36fd3474\" data-element_type=\"widget\" data-e-type=\"widget\" data-widget_type=\"text-editor.default\">\n\t\t\t\t\t\t\t\t\t<p class=\"translation-block\"><\/p>\n<p class=\"translation-block\">Ceci est le site web de G&amp;V bvba.<\/p>\n<p class=\"translation-block\"><strong>Notre adresse postale est la suivante<\/strong><br>Langerode 29<br>3460 Bekkevoort<\/p>\n<p class=\"translation-block\">Notre num\u00e9ro d'entreprise ou num\u00e9ro de TVA est BE 0862.413.538.<\/p>\n<p class=\"translation-block\"><strong>Notre entreprise est situ\u00e9e \u00e0 l'adresse suivante :<\/strong><br>Langerode 29<br>3460 Bekkevoort<\/p>\n<h3 class=\"wp-block-heading\">Vos donn\u00e9es personnelles, notre responsabilit\u00e9<\/h3>\n<p class=\"translation-block\">Nous collectons des donn\u00e9es personnelles sur ce site web. Ces donn\u00e9es sont g\u00e9r\u00e9es par notre entreprise.<\/p>\n<p class=\"translation-block\">Lorsque vous visitez notre site, nous conservons :<\/p>\n<ul>\n<li>votre nom de domaine (adresse IP) lorsque vous visitez nos pages web<\/li>\n<li>votre adresse e-mail si vous postez des messages\/questions sur ce site web<\/li>\n<li>votre adresse e-mail si vous nous la communiquez<\/li>\n<li>votre adresse e-mail si vous participez \u00e0 des forums de discussion<\/li>\n<li>toutes les informations relatives aux pages d'autres sites que vous avez consult\u00e9es pour acc\u00e9der \u00e0 notre site<\/li>\n<li>toutes les informations relatives aux pages que vous avez consult\u00e9es sur notre site<\/li>\n<li>toutes les informations que vous avez fournies volontairement (par exemple, informations relatives \u00e0 une enqu\u00eate et\/ou inscription sur le site)<\/li>\n<\/ul>\n<p class=\"translation-block\">Ces informations sont utilis\u00e9es<\/p>\n<ul>\n<li>pour am\u00e9liorer le contenu de notre site web<\/li>\n<li>pour vous contacter ult\u00e9rieurement \u00e0 des fins de marketing direct<\/li>\n<\/ul>\n<h3>S\u00e9curit\u00e9<\/h3>\n<p class=\"translation-block\">Lorsque nous recevons ou transf\u00e9rons vos donn\u00e9es sur notre site web, nous utilisons toujours les technologies de cryptage reconnues comme normes courantes dans le secteur informatique. Nous avons mis en place les mesures de s\u00e9curit\u00e9 n\u00e9cessaires pour pr\u00e9venir la perte, l'utilisation illicite ou la modification des informations que nous recevons sur notre site. Lorsque nous recevons ou transf\u00e9rons certaines informations critiques, telles que des informations financi\u00e8res, nous utilisons un serveur s\u00e9curis\u00e9.<\/p>\n<h3>Comment nous contacter au sujet de notre politique de confidentialit\u00e9 ?<\/h3>\n<p class=\"translation-block\">Si vous souhaitez r\u00e9agir \u00e0 notre politique de confidentialit\u00e9, vous pouvez nous contacter :<\/p>\n<ul>\n<li><strong>par e-mail :<\/strong>&nbsp;<a href=\"mailto:info@gv-crepi.be\">info@gv-crepi.be<\/a><\/li>\n<li><strong>par t\u00e9l\u00e9phone :<\/strong>&nbsp;+32 13 315 350<\/li>\n<li><strong>par courrier postal :<\/strong>&nbsp;G&amp;V bvba, Langerode 29, 3460 Bekkevoort<\/li>\n<\/ul>\n<p class=\"translation-block\"><br>Si vous nous communiquez votre adresse postale via le site web, vous pouvez recevoir des mailings p\u00e9riodiques de notre part, contenant des informations sur nos produits et services ainsi que sur les \u00e9v\u00e9nements \u00e0 venir. Si vous ne souhaitez plus recevoir ces mailings, veuillez nous contacter \u00e0 l'adresse mentionn\u00e9e ci-dessus. Vous pouvez recevoir des mailings d'autres entreprises\/organisations avec lesquelles nous avons conclu un contrat. Ces entreprises\/organisations peuvent faire partie des secteurs suivants : partenaires commerciaux.<\/p>\n<p class=\"translation-block\">Si vous ne souhaitez plus recevoir de courriers \u00e9lectroniques de ces entreprises\/organisations, veuillez nous contacter \u00e0 l'adresse mentionn\u00e9e ci-dessus.<\/p>\n<p class=\"translation-block\">NB : Dans ce dernier cas, n'oubliez pas de nous communiquer votre nom exact et votre adresse (correctement orthographi\u00e9s). Nous nous engageons \u00e0 supprimer vos donn\u00e9es de la liste que nous partageons avec d'autres entreprises\/organisations.<\/p>\n<p class=\"translation-block\">Si vous nous communiquez votre num\u00e9ro de t\u00e9l\u00e9phone via le site web, notre entreprise pourra vous contacter par t\u00e9l\u00e9phone pour vous fournir des informations sur nos produits et nos services ou sur des \u00e9v\u00e9nements \u00e0 venir. Si vous ne souhaitez plus recevoir de tels appels t\u00e9l\u00e9phoniques, veuillez nous contacter \u00e0 l'adresse mentionn\u00e9e ci-dessus. Vous pouvez \u00eatre contact\u00e9 par t\u00e9l\u00e9phone par d'autres entreprises\/organisations avec lesquelles nous avons conclu un contrat. Ces entreprises\/organisations peuvent faire partie des secteurs suivants : \u2013 partenaires commerciaux<\/p>\n<p class=\"translation-block\">Si vous ne souhaitez plus recevoir de tels appels t\u00e9l\u00e9phoniques, veuillez nous contacter \u00e0 l'adresse mentionn\u00e9e ci-dessus.<\/p>\n<p class=\"translation-block\">NB : Dans ce dernier cas, n'oubliez pas de nous communiquer votre nom exact et votre adresse (correctement orthographi\u00e9s). Nous nous engageons \u00e0 supprimer vos donn\u00e9es de la liste que nous partageons avec d'autres entreprises\/organisations.<\/p>\n<p class=\"translation-block\">Si vous nous communiquez votre num\u00e9ro de GSM via le site web, notre soci\u00e9t\u00e9 pourra vous contacter par SMS\/MMS\/ed pour vous fournir des informations sur nos produits et nos services ou sur des \u00e9v\u00e9nements \u00e0 venir (\u00e0 des fins de marketing direct) si vous avez donn\u00e9 votre consentement explicite \u00e0 cet effet ou si vous \u00eates d\u00e9j\u00e0 client chez nous et que vous nous avez communiqu\u00e9 votre num\u00e9ro. Si vous ne souhaitez plus recevoir de tels messages, veuillez nous contacter \u00e0 l'adresse mentionn\u00e9e ci-dessus. Vous pouvez recevoir des messages texte (SMS\/MMS\/etc.) \u00e0 des fins de marketing direct de la part d'autres entreprises\/organisations avec lesquelles nous avons conclu un contrat si vous avez donn\u00e9 votre consentement explicite \u00e0 cet effet. Ces entreprises\/organisations peuvent appartenir aux secteurs suivants : \u2013 partenaires commerciaux<\/p>\n<p class=\"translation-block\">Si vous ne souhaitez plus que votre num\u00e9ro de GSM soit transmis \u00e0 d'autres entreprises\/organisations pour recevoir ce type de messages, veuillez nous contacter \u00e0 l'adresse mentionn\u00e9e ci-dessus.<\/p>\n<p class=\"translation-block\">NB : Dans ce dernier cas, n'oubliez pas de nous communiquer votre nom exact et votre adresse (correctement orthographi\u00e9s). Nous nous engageons \u00e0 supprimer vos donn\u00e9es de la liste que nous partageons avec d'autres entreprises\/organisations.<\/p>\n<p class=\"translation-block\">Si vous nous communiquez votre adresse e-mail via le site web, notre entreprise pourra vous contacter par e-mail pour vous fournir des informations sur nos produits et nos services ou sur des \u00e9v\u00e9nements \u00e0 venir (\u00e0 des fins de marketing direct) si vous avez donn\u00e9 votre accord explicite \u00e0 cet effet ou si vous \u00eates d\u00e9j\u00e0 client chez nous et que vous nous avez communiqu\u00e9 votre adresse e-mail. Si vous ne souhaitez plus recevoir de tels e-mails, veuillez nous contacter \u00e0 l'adresse mentionn\u00e9e ci-dessus. Vous pouvez recevoir des e-mails \u00e0 des fins de marketing direct de la part d'autres entreprises\/organisations avec lesquelles nous avons conclu un contrat si vous avez donn\u00e9 votre consentement explicite \u00e0 cet effet. Ces entreprises\/organisations peuvent appartenir aux secteurs suivants : \u2013 partenaires commerciaux<\/p>\n<p class=\"translation-block\">Si vous ne souhaitez plus que votre num\u00e9ro de GSM soit transmis \u00e0 d'autres entreprises\/organisations pour recevoir ce type de messages, veuillez nous contacter \u00e0 l'adresse mentionn\u00e9e ci-dessus.<\/p>\n<p class=\"translation-block\">NB : Dans ce dernier cas, n'oubliez pas de nous communiquer votre nom exact et votre adresse (correctement orthographi\u00e9s). Nous nous engageons \u00e0 supprimer vos donn\u00e9es de la liste que nous partageons avec d'autres entreprises\/organisations.<\/p>\n<p class=\"translation-block\">Si vous ne souhaitez plus recevoir de courriers ou d'appels t\u00e9l\u00e9phoniques de la part d'aucune entreprise, veuillez contacter la liste Robinson de l'Association belge du marketing direct (en ligne : <a href=\"https:\/\/www.robinson.be\/nl\" target=\"_blank\" rel=\"noopener\">www.robinson.be<\/a>, num\u00e9ro gratuit : 0800-91 886 ou par courrier : BDMV, liste Robinson, Buro&amp;Design Center, Esplanade du Heysel B46, 1020 Bruxelles).<\/p>\n<p class=\"translation-block\">Notre entreprise peut utiliser les informations relatives aux consommateurs \u00e0 des fins nouvelles qui ne sont pas encore pr\u00e9vues dans notre \u00ab politique de confidentialit\u00e9 \u00bb. Dans ce cas, nous vous contacterons avant d'utiliser vos donn\u00e9es \u00e0 ces nouvelles fins, afin de vous informer des modifications apport\u00e9es \u00e0 notre r\u00e8glement en mati\u00e8re de protection des donn\u00e9es \u00e0 caract\u00e8re personnel et de vous offrir la possibilit\u00e9 de refuser votre participation.<\/p>\n<p class=\"translation-block\">Sur demande, nous accordons aux visiteurs de notre site l'acc\u00e8s \u00e0 toutes les informations que nous conservons \u00e0 leur sujet. Si vous souhaitez acc\u00e9der \u00e0 ces informations, veuillez nous contacter \u00e0 l'adresse mentionn\u00e9e ci-dessus.<\/p>\n<p class=\"translation-block\">Sur demande, nous offrons aux visiteurs la possibilit\u00e9 de corriger les donn\u00e9es incorrectes que nous d\u00e9tenons \u00e0 leur sujet. Si vous souhaitez modifier vos donn\u00e9es personnelles, veuillez nous contacter \u00e0 l'adresse mentionn\u00e9e ci-dessus.<\/p>\n<p class=\"translation-block\">Si vous estimez que notre site n'est pas conforme \u00e0 notre politique de confidentialit\u00e9, veuillez contacter : \u2013 notre soci\u00e9t\u00e9, \u00e0 l'adresse mentionn\u00e9e ci-dessus<\/p>\n<h3>Google Analytics<\/h3>\n<p class=\"translation-block\">Ce site Web utilise Google Analytics, un service d'analyse Web fourni par Google Inc. (\u00ab Google \u00bb).<\/p>\n<p class=\"translation-block\">Google Analytics utilise des \u00ab cookies \u00bb (petits fichiers texte plac\u00e9s sur votre ordinateur) pour aider le site web \u00e0 analyser l'utilisation du site par ses utilisateurs. Les informations g\u00e9n\u00e9r\u00e9es par le cookie concernant votre utilisation du site web (y compris votre adresse IP) sont transmises \u00e0 Google et stock\u00e9es par Google sur des serveurs situ\u00e9s aux \u00c9tats-Unis. Google utilise ces informations pour \u00e9valuer votre utilisation du site web, \u00e9tablir des rapports sur l'activit\u00e9 du site web \u00e0 l'intention des exploitants de sites web et offrir d'autres services li\u00e9s \u00e0 l'activit\u00e9 du site web et \u00e0 l'utilisation d'Internet.<\/p>\n<p class=\"translation-block\">Google peut fournir ces informations \u00e0 des tiers si Google y est l\u00e9galement tenu ou si ces tiers traitent les informations pour le compte de Google. Google ne combinera pas votre adresse IP avec d'autres donn\u00e9es dont Google dispose. Vous pouvez refuser l'utilisation de cookies en s\u00e9lectionnant les param\u00e8tres appropri\u00e9s dans votre navigateur. Nous attirons toutefois votre attention sur le fait que, dans ce cas, vous ne pourrez peut-\u00eatre pas utiliser toutes les fonctionnalit\u00e9s de ce site web.<\/p>\n<p class=\"translation-block\">En utilisant ce site Web, vous acceptez que Google traite ces informations de la mani\u00e8re et aux fins d\u00e9crites ci-dessus.<\/p>\t\t\t\t\t\t\t\t<\/div>\n\t\t\t\t\t<\/div>\n\t\t\t\t<\/div>\n\t\t\t\t<\/div>","protected":false},"excerpt":{"rendered":"<p>Ons Privacybeleid Dit is de website van G&amp;V bvba Ons postadres isLangerode 293460 Bekkevoort Ons ondernemingsnummer of BTW nummer is BE 0862.413.538 Ons bedrijf is gevestigd op dit adres:Langerode 293460 Bekkevoort Uw persoonsgegevens, onze verantwoordelijkheid Op deze website verzamelen we persoonsgegevens. Deze gegevens worden door ons bedrijf beheerd. Bij een bezoek aan onze site bewaren [&hellip;]<\/p>\n","protected":false},"author":1,"featured_media":0,"parent":0,"menu_order":8,"comment_status":"closed","ping_status":"open","template":"","meta":{"_acf_changed":false,"footnotes":""},"class_list":["post-3","page","type-page","status-publish","hentry"],"acf":[],"_links":{"self":[{"href":"https:\/\/www.gv-crepi.be\/fr\/wp-json\/wp\/v2\/pages\/3","targetHints":{"allow":["GET"]}}],"collection":[{"href":"https:\/\/www.gv-crepi.be\/fr\/wp-json\/wp\/v2\/pages"}],"about":[{"href":"https:\/\/www.gv-crepi.be\/fr\/wp-json\/wp\/v2\/types\/page"}],"author":[{"embeddable":true,"href":"https:\/\/www.gv-crepi.be\/fr\/wp-json\/wp\/v2\/users\/1"}],"replies":[{"embeddable":true,"href":"https:\/\/www.gv-crepi.be\/fr\/wp-json\/wp\/v2\/comments?post=3"}],"version-history":[{"count":3,"href":"https:\/\/www.gv-crepi.be\/fr\/wp-json\/wp\/v2\/pages\/3\/revisions"}],"predecessor-version":[{"id":826,"href":"https:\/\/www.gv-crepi.be\/fr\/wp-json\/wp\/v2\/pages\/3\/revisions\/826"}],"wp:attachment":[{"href":"https:\/\/www.gv-crepi.be\/fr\/wp-json\/wp\/v2\/media?parent=3"}],"curies":[{"name":"wp","href":"https:\/\/api.w.org\/{rel}","templated":true}]}}