{"id":300,"date":"2025-08-14T21:47:59","date_gmt":"2025-08-14T21:47:59","guid":{"rendered":"https:\/\/www.gv-crepi.be\/?page_id=300"},"modified":"2025-08-15T19:02:56","modified_gmt":"2025-08-15T19:02:56","slug":"finition","status":"publish","type":"page","link":"https:\/\/www.gv-crepi.be\/fr\/crepi\/afwerking\/","title":{"rendered":"Finition"},"content":{"rendered":"<div data-elementor-type=\"wp-page\" data-elementor-id=\"300\" class=\"elementor elementor-300\" data-elementor-post-type=\"page\">\n\t\t\t\t<div data-dce-background-image-url=\"https:\/\/www.gv-crepi.be\/app\/uploads\/2025\/08\/gevelbepleistering.jpg\" class=\"elementor-element elementor-element-260bfa9 hero e-flex e-con-boxed e-con e-parent\" data-id=\"260bfa9\" data-element_type=\"container\" data-e-type=\"container\" data-settings=\"{&quot;background_background&quot;:&quot;classic&quot;}\">\n\t\t\t\t\t<div class=\"e-con-inner\">\n\t\t\t\t<div data-dce-title-color=\"#FFFFFF\" class=\"elementor-element elementor-element-bc640df elementor-widget elementor-widget-heading\" data-id=\"bc640df\" data-element_type=\"widget\" data-e-type=\"widget\" data-widget_type=\"heading.default\">\n\t\t\t\t\t<h1 class=\"elementor-heading-title elementor-size-default\"><span>Pose de cr\u00e9pi :<\/span> <span>la finition<\/span><\/h1>\t\t\t\t<\/div>\n\t\t\t\t\t<\/div>\n\t\t\t\t<\/div>\n\t\t<div class=\"elementor-element elementor-element-8426e8a e-flex e-con-boxed e-con e-parent\" data-id=\"8426e8a\" data-element_type=\"container\" data-e-type=\"container\">\n\t\t\t\t\t<div class=\"e-con-inner\">\n\t\t<div class=\"elementor-element elementor-element-1645b2a e-con-full e-flex e-con e-child\" data-id=\"1645b2a\" data-element_type=\"container\" data-e-type=\"container\">\n\t\t\t\t<div class=\"elementor-element elementor-element-5e9f199 elementor-widget elementor-widget-heading\" data-id=\"5e9f199\" data-element_type=\"widget\" data-e-type=\"widget\" data-widget_type=\"heading.default\">\n\t\t\t\t\t<h2 class=\"elementor-heading-title elementor-size-default\">Poser du cr\u00e9pi<\/h2>\t\t\t\t<\/div>\n\t\t\t\t<div class=\"elementor-element elementor-element-ff9b576 elementor-widget elementor-widget-text-editor\" data-id=\"ff9b576\" data-element_type=\"widget\" data-e-type=\"widget\" data-widget_type=\"text-editor.default\">\n\t\t\t\t\t\t\t\t\t<p class=\"translation-block\">La pose de cr\u00e9pi est un travail de pr\u00e9cision. La finition de votre fa\u00e7ade est toutefois tout aussi importante qu'une pose irr\u00e9prochable. La couleur et la granulom\u00e9trie conf\u00e8rent \u00e0 chaque fa\u00e7ade un aspect unique.<\/p><p class=\"translation-block\">R\u00e9fl\u00e9chissez donc bien \u00e0 l'avance \u00e0 l'<strong>aspect<\/strong> que vous souhaitez donner \u00e0 votre fa\u00e7ade. Les couleurs vives apportent de la fra\u00eecheur et \u00e9gayent tout le quartier. Votre maison deviendra le point de mire du voisinage ! Les couleurs sombres et les nuances de gris conf\u00e8rent quant \u00e0 elles une finition \u00e9pur\u00e9e et un look moderne.<\/p>\t\t\t\t\t\t\t\t<\/div>\n\t\t\t\t<\/div>\n\t\t<div class=\"elementor-element elementor-element-152ef6e e-con-full e-flex e-con e-child\" data-id=\"152ef6e\" data-element_type=\"container\" data-e-type=\"container\">\n\t\t\t\t<div class=\"elementor-element elementor-element-e324c8e elementor-widget elementor-widget-heading\" data-id=\"e324c8e\" data-element_type=\"widget\" data-e-type=\"widget\" data-widget_type=\"heading.default\">\n\t\t\t\t\t<h2 class=\"elementor-heading-title elementor-size-default\">Choisissez la taille des grains<\/h2>\t\t\t\t<\/div>\n\t\t\t\t<div class=\"elementor-element elementor-element-fa7c541 elementor-widget elementor-widget-text-editor\" data-id=\"fa7c541\" data-element_type=\"widget\" data-e-type=\"widget\" data-widget_type=\"text-editor.default\">\n\t\t\t\t\t\t\t\t\t<p class=\"translation-block\">En fonction du <a href=\"\/fr\/crepi\/\">type d'enduit<\/a>, diff\u00e9rentes <strong>granulom\u00e9tries<\/strong> sont possibles pour l'application du cr\u00e9pi : g\u00e9n\u00e9ralement 1,5 mm, mais aussi 1 mm et 2 mm. Les enduits sont <strong>appliqu\u00e9s en fonction de leur granulom\u00e9trie<\/strong> \u00e0 l'aide d'une <strong>truelle en PVC<\/strong>.<\/p><p class=\"translation-block\"><strong>Le pl\u00e2tre \u00e0 base de r\u00e9sine de silicone<\/strong> est livr\u00e9 pr\u00eat \u00e0 l'emploi, color\u00e9 et appliqu\u00e9 en grains fins. <strong>Le pl\u00e2tre lisse<\/strong> est \u00e9galement possible (grain inf\u00e9rieur \u00e0 0,5 mm) avec une finition suppl\u00e9mentaire \u00e0 la peinture \u00e0 base de r\u00e9sine de silicone. Pour chaque type de pl\u00e2tre, vous avez le choix entre <strong>pratiquement toutes les couleurs<\/strong>, du blanc au noir et toutes les nuances interm\u00e9diaires.<\/p>\t\t\t\t\t\t\t\t<\/div>\n\t\t\t\t<\/div>\n\t\t\t\t\t<\/div>\n\t\t\t\t<\/div>\n\t\t<div class=\"elementor-element elementor-element-d5f5e4d e-flex e-con-boxed e-con e-parent\" data-id=\"d5f5e4d\" data-element_type=\"container\" data-e-type=\"container\">\n\t\t\t\t\t<div class=\"e-con-inner\">\n\t\t<div class=\"elementor-element elementor-element-e2fe158 e-con-full e-flex e-con e-child\" data-id=\"e2fe158\" data-element_type=\"container\" data-e-type=\"container\">\n\t\t\t\t<div class=\"elementor-element elementor-element-b10397e elementor-widget elementor-widget-text-editor\" data-id=\"b10397e\" data-element_type=\"widget\" data-e-type=\"widget\" data-widget_type=\"text-editor.default\">\n\t\t\t\t\t\t\t\t\t<div id=\"content\" class=\"equal\" role=\"main\"><article class=\"pre\"><div class=\"body-text\"><div class=\"editor\"><p class=\"translation-block\">Vous souhaitez poser du cr\u00e9pi ou obtenir plus d'informations ? N'h\u00e9sitez pas \u00e0 nous <a href=\"\/fr\/contact\/\">contacter<\/a>. Nous nous ferons un plaisir de nous rendre chez vous pour prendre les mesures n\u00e9cessaires et \u00e9tablir un <strong>devis sans engagement<\/strong>.<\/p><\/div><\/div><\/article><\/div>\t\t\t\t\t\t\t\t<\/div>\n\t\t\t\t<\/div>\n\t\t\t\t\t<\/div>\n\t\t\t\t<\/div>\n\t\t\t\t<\/div>","protected":false},"excerpt":{"rendered":"<p>Crepi plaatsen: de afwerking Crepi plaatsen Crepi plaatsen\u00a0is een secuur werk. De\u00a0afwerking van uw gevel\u00a0is echter even belangrijk als een feilloze plaatsing. De\u00a0kleur en de korreldikte geven elke gevel een uniek uitzicht. Denk vooraf dus goed na over\u00a0welke uitstraling\u00a0u uw gevel wilt meegeven. Felle kleuren zorgen voor een frisse gevel en fleuren het hele straatbeeld [&hellip;]<\/p>\n","protected":false},"author":1,"featured_media":0,"parent":178,"menu_order":7,"comment_status":"closed","ping_status":"open","template":"","meta":{"_acf_changed":false,"footnotes":""},"class_list":["post-300","page","type-page","status-publish","hentry"],"acf":[],"_links":{"self":[{"href":"https:\/\/www.gv-crepi.be\/fr\/wp-json\/wp\/v2\/pages\/300","targetHints":{"allow":["GET"]}}],"collection":[{"href":"https:\/\/www.gv-crepi.be\/fr\/wp-json\/wp\/v2\/pages"}],"about":[{"href":"https:\/\/www.gv-crepi.be\/fr\/wp-json\/wp\/v2\/types\/page"}],"author":[{"embeddable":true,"href":"https:\/\/www.gv-crepi.be\/fr\/wp-json\/wp\/v2\/users\/1"}],"replies":[{"embeddable":true,"href":"https:\/\/www.gv-crepi.be\/fr\/wp-json\/wp\/v2\/comments?post=300"}],"version-history":[{"count":13,"href":"https:\/\/www.gv-crepi.be\/fr\/wp-json\/wp\/v2\/pages\/300\/revisions"}],"predecessor-version":[{"id":790,"href":"https:\/\/www.gv-crepi.be\/fr\/wp-json\/wp\/v2\/pages\/300\/revisions\/790"}],"up":[{"embeddable":true,"href":"https:\/\/www.gv-crepi.be\/fr\/wp-json\/wp\/v2\/pages\/178"}],"wp:attachment":[{"href":"https:\/\/www.gv-crepi.be\/fr\/wp-json\/wp\/v2\/media?parent=300"}],"curies":[{"name":"wp","href":"https:\/\/api.w.org\/{rel}","templated":true}]}}