{"id":680,"date":"2025-08-15T15:20:59","date_gmt":"2025-08-15T15:20:59","guid":{"rendered":"https:\/\/www.gv-crepi.be\/?page_id=680"},"modified":"2025-08-16T21:24:48","modified_gmt":"2025-08-16T21:24:48","slug":"plaquettes-de-parement","status":"publish","type":"page","link":"https:\/\/www.gv-crepi.be\/fr\/steenstrips\/","title":{"rendered":"Plaquettes de parement"},"content":{"rendered":"<div data-elementor-type=\"wp-page\" data-elementor-id=\"680\" class=\"elementor elementor-680\" data-elementor-post-type=\"page\">\n\t\t\t\t<div data-dce-background-image-url=\"https:\/\/www.gv-crepi.be\/app\/uploads\/2025\/08\/steenstrips-1.jpg\" class=\"elementor-element elementor-element-9fbe948 hero e-flex e-con-boxed e-con e-parent\" data-id=\"9fbe948\" data-element_type=\"container\" data-e-type=\"container\" data-settings=\"{&quot;background_background&quot;:&quot;classic&quot;}\">\n\t\t\t\t\t<div class=\"e-con-inner\">\n\t\t\t\t<div data-dce-title-color=\"#FFFFFF\" class=\"elementor-element elementor-element-ded6f44 elementor-widget elementor-widget-heading\" data-id=\"ded6f44\" data-element_type=\"widget\" data-e-type=\"widget\" data-widget_type=\"heading.default\">\n\t\t\t\t\t<h1 class=\"elementor-heading-title elementor-size-default\"><span>Rev\u00eatement de fa\u00e7ade avec<\/span> <span>poser des plaquettes de parement<\/span><\/h1>\t\t\t\t<\/div>\n\t\t\t\t\t<\/div>\n\t\t\t\t<\/div>\n\t\t<div class=\"elementor-element elementor-element-4430a69 e-flex e-con-boxed e-con e-parent\" data-id=\"4430a69\" data-element_type=\"container\" data-e-type=\"container\">\n\t\t\t\t\t<div class=\"e-con-inner\">\n\t\t<div class=\"elementor-element elementor-element-98763d1 e-con-full e-flex e-con e-child\" data-id=\"98763d1\" data-element_type=\"container\" data-e-type=\"container\">\n\t\t\t\t<div class=\"elementor-element elementor-element-8ac5d67 elementor-widget elementor-widget-text-editor\" data-id=\"8ac5d67\" data-element_type=\"widget\" data-e-type=\"widget\" data-widget_type=\"text-editor.default\">\n\t\t\t\t\t\t\t\t\t<p class=\"translation-block\">En faisant poser un rev\u00eatement de fa\u00e7ade avec des plaquettes de parement, vous donnez l'impression que la fa\u00e7ade de votre maison est ma\u00e7onn\u00e9e. Cette technique conf\u00e8re \u00e0 votre fa\u00e7ade un <strong>aspect authentique et plein de caract\u00e8re<\/strong>.<\/p>\t\t\t\t\t\t\t\t<\/div>\n\t\t\t\t<div class=\"elementor-element elementor-element-6161efc elementor-widget elementor-widget-text-editor\" data-id=\"6161efc\" data-element_type=\"widget\" data-e-type=\"widget\" data-widget_type=\"text-editor.default\">\n\t\t\t\t\t\t\t\t\t<p class=\"translation-block\">De plus, il ne n\u00e9cessite <strong>aucun gros travaux de d\u00e9molition<\/strong> et peut \u00eatre combin\u00e9 avec <a href=\"\/fr\/crepi\/\">un enduit de fa\u00e7ade<\/a> ou un rev\u00eatement de fa\u00e7ade en fibrociment ou en bois. Les briqueteries avec lesquelles nous collaborons, telles que <a href=\"https:\/\/www.vandersanden.com\/nl-be\" target=\"_blank\" rel=\"noopener\">Vandersanden<\/a>, <a href=\"http:\/\/www.nelissen.be\/nl\/producten\/gevelstenen\/stenen\" target=\"_blank\" rel=\"noopener\">Nelissen<\/a> ou <a href=\"https:\/\/www.wienerberger.be\/gevel.html\" target=\"_blank\" rel=\"noopener\">Wienerberger<\/a>, proposent une <strong>large gamme de couleurs et de formats<\/strong>.<\/p>\t\t\t\t\t\t\t\t<\/div>\n\t\t\t\t<\/div>\n\t\t\t\t\t<\/div>\n\t\t\t\t<\/div>\n\t\t<div class=\"elementor-element elementor-element-8426e8a e-flex e-con-boxed e-con e-parent\" data-id=\"8426e8a\" data-element_type=\"container\" data-e-type=\"container\">\n\t\t\t\t\t<div class=\"e-con-inner\">\n\t\t<div class=\"elementor-element elementor-element-1645b2a e-con-full e-flex e-con e-child\" data-id=\"1645b2a\" data-element_type=\"container\" data-e-type=\"container\">\n\t\t\t\t<div class=\"elementor-element elementor-element-5e9f199 elementor-widget elementor-widget-heading\" data-id=\"5e9f199\" data-element_type=\"widget\" data-e-type=\"widget\" data-widget_type=\"heading.default\">\n\t\t\t\t\t<h2 class=\"elementor-heading-title elementor-size-default\">Bandes de pierre naturelle ou carreaux c\u00e9ramiques<\/h2>\t\t\t\t<\/div>\n\t\t\t\t<div class=\"elementor-element elementor-element-ff9b576 elementor-widget elementor-widget-text-editor\" data-id=\"ff9b576\" data-element_type=\"widget\" data-e-type=\"widget\" data-widget_type=\"text-editor.default\">\n\t\t\t\t\t\t\t\t\t<p class=\"translation-block\">Le rev\u00eatement de fa\u00e7ade avec des bandes de pierre offre de nombreuses possibilit\u00e9s. Les bandes de pierre naturelle de <a href=\"https:\/\/www.brachot.com\/nl\/brachot-academy?tags=natural_stone\" target=\"_blank\" rel=\"noopener\">Beltrami<\/a> sont par exemple disponibles dans de nombreux coloris et structures.\u00a0<\/p><p class=\"translation-block\">G&amp;V propose \u00e9galement des carreaux en c\u00e9ramique de la marque <a href=\"https:\/\/www.impermo.be\/nl\/\" target=\"_blank\" rel=\"noopener\">Impermo<\/a>. Ceux-ci peuvent \u00eatre pos\u00e9s sur une structure en aluminium ou coll\u00e9s sur une plaque isolante. Vous avez \u00e9galement le choix entre tous les formats et toutes les couleurs pour ces carreaux.\u00a0<\/p>\t\t\t\t\t\t\t\t<\/div>\n\t\t\t\t<div class=\"elementor-element elementor-element-0f776bc elementor-widget elementor-widget-heading\" data-id=\"0f776bc\" data-element_type=\"widget\" data-e-type=\"widget\" data-widget_type=\"heading.default\">\n\t\t\t\t\t<h2 class=\"elementor-heading-title elementor-size-default\">R\u00e9duisez vos factures d'\u00e9nergie<\/h2>\t\t\t\t<\/div>\n\t\t\t\t<div class=\"elementor-element elementor-element-11274b0 elementor-widget elementor-widget-text-editor\" data-id=\"11274b0\" data-element_type=\"widget\" data-e-type=\"widget\" data-widget_type=\"text-editor.default\">\n\t\t\t\t\t\t\t\t\t<p class=\"translation-block\">Une <strong>couche isolante efficace <\/strong>est toujours appliqu\u00e9e avec les plaquettes de parement. Le rev\u00eatement de fa\u00e7ade avec plaquettes de parement augmente ainsi la valeur de votre habitation. De plus, la couche isolante vous garantit une <strong>\u00e9conomie de 30% sur vos factures d'\u00e9nergie<\/strong>. Sans parler de <a href=\"\/fr\/primes\/\">la prime pour la r\u00e9novation de votre fa\u00e7ade<\/a> !<\/p>\t\t\t\t\t\t\t\t<\/div>\n\t\t\t\t<\/div>\n\t\t<div class=\"elementor-element elementor-element-152ef6e e-con-full e-flex e-con e-child\" data-id=\"152ef6e\" data-element_type=\"container\" data-e-type=\"container\">\n\t\t\t\t<div class=\"elementor-element elementor-element-e324c8e elementor-widget elementor-widget-heading\" data-id=\"e324c8e\" data-element_type=\"widget\" data-e-type=\"widget\" data-widget_type=\"heading.default\">\n\t\t\t\t\t<h2 class=\"elementor-heading-title elementor-size-default\">Rev\u00eatement de fa\u00e7ade professionnel avec des plaquettes de parement<\/h2>\t\t\t\t<\/div>\n\t\t\t\t<div class=\"elementor-element elementor-element-fa7c541 elementor-widget elementor-widget-text-editor\" data-id=\"fa7c541\" data-element_type=\"widget\" data-e-type=\"widget\" data-widget_type=\"text-editor.default\">\n\t\t\t\t\t\t\t\t\t<p class=\"translation-block\">G&amp;V garantit une <strong>pose rapide<\/strong>, gr\u00e2ce \u00e0 une \u00e9quipe de sp\u00e9cialistes de l'ex\u00e9cution et \u00e0 un chef de chantier disposant de l'expertise n\u00e9cessaire. Nous collons les plaquettes de parement sur un panneau isolant EPS ou XPS de haute qualit\u00e9, ancr\u00e9 \u00e0 la paroi int\u00e9rieure de votre fa\u00e7ade et \u00e9quip\u00e9 d'une couche d'armature. Pour ce faire, nous utilisons une colle \u00e9lastique, r\u00e9sistante au gel et \u00e0 l'eau.<\/p><p class=\"translation-block\">Les <strong>avantages des plaquettes de parement<\/strong> vous int\u00e9ressent ? Ou vous pr\u00e9f\u00e9rez combiner les plaquettes de parement avec d'autres mat\u00e9riaux de fa\u00e7ade ? Nous nous ferons un plaisir de venir vous rendre visite pour discuter des possibilit\u00e9s. <a href=\"\/fr\/contact\/\">Contactez-nous<\/a> d\u00e8s aujourd'hui pour prendre rendez-vous ou demander un <a href=\"\/fr\/contact\/\">devis sans engagement<\/a> !<\/p>\t\t\t\t\t\t\t\t<\/div>\n\t\t\t\t<\/div>\n\t\t\t\t\t<\/div>\n\t\t\t\t<\/div>\n\t\t\t\t<\/div>","protected":false},"excerpt":{"rendered":"<p>Gevelbekleding met steenstrips plaatsen Door een gevelbekleding met steenstrips te laten plaatsen wekt u de indruk dat het vooraanzicht van uw woning gemetseld is. Deze techniek geeft uw gevel een\u00a0karaktervolle, authentieke look. Bovendien vereist het\u00a0geen grote breekwerken\u00a0\u00e9n kan het gecombineerd worden met\u00a0gevelbepleistering\u00a0of\u00a0gevelbekleding\u00a0met vezelcement of hout. De steenfabrieken waar wij mee samenwerken, zoals\u00a0Vandersanden,\u00a0Nelissen\u00a0of\u00a0Wienerberger, hebben een\u00a0uitgebreid gamma [&hellip;]<\/p>\n","protected":false},"author":1,"featured_media":0,"parent":0,"menu_order":2,"comment_status":"closed","ping_status":"open","template":"","meta":{"_acf_changed":false,"footnotes":""},"class_list":["post-680","page","type-page","status-publish","hentry"],"acf":[],"_links":{"self":[{"href":"https:\/\/www.gv-crepi.be\/fr\/wp-json\/wp\/v2\/pages\/680","targetHints":{"allow":["GET"]}}],"collection":[{"href":"https:\/\/www.gv-crepi.be\/fr\/wp-json\/wp\/v2\/pages"}],"about":[{"href":"https:\/\/www.gv-crepi.be\/fr\/wp-json\/wp\/v2\/types\/page"}],"author":[{"embeddable":true,"href":"https:\/\/www.gv-crepi.be\/fr\/wp-json\/wp\/v2\/users\/1"}],"replies":[{"embeddable":true,"href":"https:\/\/www.gv-crepi.be\/fr\/wp-json\/wp\/v2\/comments?post=680"}],"version-history":[{"count":13,"href":"https:\/\/www.gv-crepi.be\/fr\/wp-json\/wp\/v2\/pages\/680\/revisions"}],"predecessor-version":[{"id":885,"href":"https:\/\/www.gv-crepi.be\/fr\/wp-json\/wp\/v2\/pages\/680\/revisions\/885"}],"wp:attachment":[{"href":"https:\/\/www.gv-crepi.be\/fr\/wp-json\/wp\/v2\/media?parent=680"}],"curies":[{"name":"wp","href":"https:\/\/api.w.org\/{rel}","templated":true}]}}