{"id":686,"date":"2025-08-15T15:25:18","date_gmt":"2025-08-15T15:25:18","guid":{"rendered":"https:\/\/www.gv-crepi.be\/?page_id=686"},"modified":"2025-08-15T15:30:21","modified_gmt":"2025-08-15T15:30:21","slug":"peinture-de-facade-et-calfeutrage","status":"publish","type":"page","link":"https:\/\/www.gv-crepi.be\/fr\/gevelverven-en-kaleien\/","title":{"rendered":"Peinture de fa\u00e7ade et chaux"},"content":{"rendered":"<div data-elementor-type=\"wp-page\" data-elementor-id=\"686\" class=\"elementor elementor-686\" data-elementor-post-type=\"page\">\n\t\t\t\t<div data-dce-background-image-url=\"https:\/\/www.gv-crepi.be\/app\/uploads\/2025\/08\/gevelverven-kaleien.jpg\" class=\"elementor-element elementor-element-9fbe948 hero e-flex e-con-boxed e-con e-parent\" data-id=\"9fbe948\" data-element_type=\"container\" data-e-type=\"container\" data-settings=\"{&quot;background_background&quot;:&quot;classic&quot;}\">\n\t\t\t\t\t<div class=\"e-con-inner\">\n\t\t\t\t<div data-dce-title-color=\"#FFFFFF\" class=\"elementor-element elementor-element-ded6f44 elementor-widget elementor-widget-heading\" data-id=\"ded6f44\" data-element_type=\"widget\" data-e-type=\"widget\" data-widget_type=\"heading.default\">\n\t\t\t\t\t<h1 class=\"elementor-heading-title elementor-size-default\"><span>Peintures pour fa\u00e7ades<\/span> <span>et badigeonnage<\/span><\/h1>\t\t\t\t<\/div>\n\t\t\t\t\t<\/div>\n\t\t\t\t<\/div>\n\t\t<div class=\"elementor-element elementor-element-4430a69 e-flex e-con-boxed e-con e-parent\" data-id=\"4430a69\" data-element_type=\"container\" data-e-type=\"container\">\n\t\t\t\t\t<div class=\"e-con-inner\">\n\t\t\t\t<div class=\"elementor-element elementor-element-fd76f65 elementor-widget elementor-widget-image\" data-id=\"fd76f65\" data-element_type=\"widget\" data-e-type=\"widget\" data-widget_type=\"image.default\">\n\t\t\t\t\t\t\t\t\t\t\t\t\t\t\t<img fetchpriority=\"high\" decoding=\"async\" width=\"800\" height=\"685\" src=\"https:\/\/www.gv-crepi.be\/app\/uploads\/2025\/08\/gevelverven-kaleien.jpg\" class=\"attachment-large size-large wp-image-43\" alt=\"\" srcset=\"https:\/\/www.gv-crepi.be\/app\/uploads\/2025\/08\/gevelverven-kaleien.jpg 897w, https:\/\/www.gv-crepi.be\/app\/uploads\/2025\/08\/gevelverven-kaleien-300x257.jpg 300w, https:\/\/www.gv-crepi.be\/app\/uploads\/2025\/08\/gevelverven-kaleien-768x658.jpg 768w\" sizes=\"(max-width: 800px) 100vw, 800px\" \/>\t\t\t\t\t\t\t\t\t\t\t\t\t\t\t<\/div>\n\t\t<div class=\"elementor-element elementor-element-98763d1 e-con-full e-flex e-con e-child\" data-id=\"98763d1\" data-element_type=\"container\" data-e-type=\"container\">\n\t\t\t\t<div class=\"elementor-element elementor-element-6f35ff0 elementor-widget elementor-widget-heading\" data-id=\"6f35ff0\" data-element_type=\"widget\" data-e-type=\"widget\" data-widget_type=\"heading.default\">\n\t\t\t\t\t<h2 class=\"elementor-heading-title elementor-size-default\">G&amp;V est votre partenaire pour la peinture de votre fa\u00e7ade, tant pour la r\u00e9novation que pour les nouvelles constructions.<\/h2>\t\t\t\t<\/div>\n\t\t\t\t<div class=\"elementor-element elementor-element-6161efc elementor-widget elementor-widget-text-editor\" data-id=\"6161efc\" data-element_type=\"widget\" data-e-type=\"widget\" data-widget_type=\"text-editor.default\">\n\t\t\t\t\t\t\t\t\t<div class=\"intro-text\"><p class=\"p1 translation-block\">Gr\u00e2ce \u00e0 notre longue exp\u00e9rience et \u00e0 nos produits certifi\u00e9s, nous veillons \u00e0 ce que votre fa\u00e7ade reste propre plus longtemps. Nous proposons \u00e0 nos clients des peintures pontant les fissures gr\u00e2ce \u00e0 la technologie nano-quartz. Des peintures silicat\u00e9es respirantes et des peintures \u00e0 la chaux sont \u00e9galement disponibles.<\/p><\/div>\t\t\t\t\t\t\t\t<\/div>\n\t\t\t\t<\/div>\n\t\t\t\t\t<\/div>\n\t\t\t\t<\/div>\n\t\t\t\t<\/div>","protected":false},"excerpt":{"rendered":"<p>Gevelverven en Kaleien G&amp;V is de partner in het verven van uw gevel; zowel bij renovatie als nieuwbouw. Dankzij onze jarenlange ervaring en onze geattesteerde producten zorgen wij ervoor dat uw gevel nog langer zuiver blijft. Wij bieden onze klanten toegang tot scheuroverbruggende verven met nano-quartz technologie. Ook ademende silicaatverven en kalei horen tot de [&hellip;]<\/p>\n","protected":false},"author":1,"featured_media":0,"parent":0,"menu_order":2,"comment_status":"closed","ping_status":"open","template":"","meta":{"_acf_changed":false,"footnotes":""},"class_list":["post-686","page","type-page","status-publish","hentry"],"acf":[],"_links":{"self":[{"href":"https:\/\/www.gv-crepi.be\/fr\/wp-json\/wp\/v2\/pages\/686","targetHints":{"allow":["GET"]}}],"collection":[{"href":"https:\/\/www.gv-crepi.be\/fr\/wp-json\/wp\/v2\/pages"}],"about":[{"href":"https:\/\/www.gv-crepi.be\/fr\/wp-json\/wp\/v2\/types\/page"}],"author":[{"embeddable":true,"href":"https:\/\/www.gv-crepi.be\/fr\/wp-json\/wp\/v2\/users\/1"}],"replies":[{"embeddable":true,"href":"https:\/\/www.gv-crepi.be\/fr\/wp-json\/wp\/v2\/comments?post=686"}],"version-history":[{"count":13,"href":"https:\/\/www.gv-crepi.be\/fr\/wp-json\/wp\/v2\/pages\/686\/revisions"}],"predecessor-version":[{"id":699,"href":"https:\/\/www.gv-crepi.be\/fr\/wp-json\/wp\/v2\/pages\/686\/revisions\/699"}],"wp:attachment":[{"href":"https:\/\/www.gv-crepi.be\/fr\/wp-json\/wp\/v2\/media?parent=686"}],"curies":[{"name":"wp","href":"https:\/\/api.w.org\/{rel}","templated":true}]}}