{"id":702,"date":"2025-08-15T15:32:39","date_gmt":"2025-08-15T15:32:39","guid":{"rendered":"https:\/\/www.gv-crepi.be\/?page_id=702"},"modified":"2025-08-16T21:25:53","modified_gmt":"2025-08-16T21:25:53","slug":"primes","status":"publish","type":"page","link":"https:\/\/www.gv-crepi.be\/fr\/premies\/","title":{"rendered":"Primes"},"content":{"rendered":"<div data-elementor-type=\"wp-page\" data-elementor-id=\"702\" class=\"elementor elementor-702\" data-elementor-post-type=\"page\">\n\t\t\t\t<div data-dce-background-image-url=\"https:\/\/www.gv-crepi.be\/app\/uploads\/2025\/08\/gevelbepleistering.jpg\" class=\"elementor-element elementor-element-54b1563 hero e-flex e-con-boxed e-con e-parent\" data-id=\"54b1563\" data-element_type=\"container\" data-e-type=\"container\" data-settings=\"{&quot;background_background&quot;:&quot;classic&quot;}\">\n\t\t\t\t\t<div class=\"e-con-inner\">\n\t\t\t\t<div data-dce-title-color=\"#FFFFFF\" class=\"elementor-element elementor-element-9c29f6a elementor-widget elementor-widget-heading\" data-id=\"9c29f6a\" data-element_type=\"widget\" data-e-type=\"widget\" data-widget_type=\"heading.default\">\n\t\t\t\t\t<h1 class=\"elementor-heading-title elementor-size-default\"><span>Quelle prime allez-vous percevoir ?<\/span> <span>pour la r\u00e9novation de votre fa\u00e7ade ?<\/span><\/h1>\t\t\t\t<\/div>\n\t\t\t\t\t<\/div>\n\t\t\t\t<\/div>\n\t\t<div class=\"elementor-element elementor-element-24676c8 e-flex e-con-boxed e-con e-parent\" data-id=\"24676c8\" data-element_type=\"container\" data-e-type=\"container\">\n\t\t\t\t\t<div class=\"e-con-inner\">\n\t\t\t\t<div class=\"elementor-element elementor-element-91c5598 elementor-widget elementor-widget-text-editor\" data-id=\"91c5598\" data-element_type=\"widget\" data-e-type=\"widget\" data-widget_type=\"text-editor.default\">\n\t\t\t\t\t\t\t\t\t<p class=\"translation-block\">Vous avez d\u00e9cid\u00e9 de r\u00e9nover votre fa\u00e7ade. C'est un travail qui peut co\u00fbter cher. Heureusement, l'\u00c9tat intervient avec toutes sortes de primes.<\/p>\t\t\t\t\t\t\t\t<\/div>\n\t\t\t\t<div class=\"elementor-element elementor-element-8139dfc elementor-widget elementor-widget-text-editor\" data-id=\"8139dfc\" data-element_type=\"widget\" data-e-type=\"widget\" data-widget_type=\"text-editor.default\">\n\t\t\t\t\t\t\t\t\t<p class=\"translation-block\">Mais quelle <strong>prime <\/strong>pouvez-vous obtenir pour cette <strong>r\u00e9novation de fa\u00e7ade<\/strong> ? Les primes d\u00e9pendent de la r\u00e9gion (Flandre, Wallonie ou R\u00e9gion de Bruxelles-Capitale) dans laquelle vous habitez. Il existe \u00e9galement de grandes diff\u00e9rences entre les primes selon la province ou la commune o\u00f9 vous habitez.<\/p>\t\t\t\t\t\t\t\t<\/div>\n\t\t\t\t\t<\/div>\n\t\t\t\t<\/div>\n\t\t<div class=\"elementor-element elementor-element-4430a69 e-flex e-con-boxed e-con e-parent\" data-id=\"4430a69\" data-element_type=\"container\" data-e-type=\"container\">\n\t\t\t\t\t<div class=\"e-con-inner\">\n\t\t<div class=\"elementor-element elementor-element-98763d1 e-con-full e-flex e-con e-child\" data-id=\"98763d1\" data-element_type=\"container\" data-e-type=\"container\">\n\t\t\t\t<div class=\"elementor-element elementor-element-0dba178 elementor-widget elementor-widget-heading\" data-id=\"0dba178\" data-element_type=\"widget\" data-e-type=\"widget\" data-widget_type=\"heading.default\">\n\t\t\t\t\t<h2 class=\"elementor-heading-title elementor-size-default\">Les conditions de base<\/h2>\t\t\t\t<\/div>\n\t\t\t\t<div class=\"elementor-element elementor-element-8ac5d67 elementor-widget elementor-widget-text-editor\" data-id=\"8ac5d67\" data-element_type=\"widget\" data-e-type=\"widget\" data-widget_type=\"text-editor.default\">\n\t\t\t\t\t\t\t\t\t<p class=\"translation-block\">Il est donc tr\u00e8s important de bien vous informer. Vous ne voulez pas passer \u00e0 c\u00f4t\u00e9 d'une telle aide financi\u00e8re. Chez G&amp;V, nous vous aidons \u00e0 demander la prime appropri\u00e9e pour la r\u00e9novation de votre fa\u00e7ade.<\/p><p class=\"translation-block\">Dans un premier temps, vous devez remplir les conditions suivantes :<\/p><ul><li>Votre maison doit avoir au moins 5 ans.<\/li><li>R\u00e9sistance thermique minimale de l'isolation R = 3 (par exemple isolation EPS 032, \u00e9paisseur 10 cm)<\/li><\/ul>\t\t\t\t\t\t\t\t<\/div>\n\t\t\t\t<\/div>\n\t\t<div class=\"elementor-element elementor-element-26151fb e-con-full e-flex e-con e-child\" data-id=\"26151fb\" data-element_type=\"container\" data-e-type=\"container\">\n\t\t\t\t<div class=\"elementor-element elementor-element-dd9d8d6 elementor-widget elementor-widget-heading\" data-id=\"dd9d8d6\" data-element_type=\"widget\" data-e-type=\"widget\" data-widget_type=\"heading.default\">\n\t\t\t\t\t<h2 class=\"elementor-heading-title elementor-size-default\">Montant de votre prime<\/h2>\t\t\t\t<\/div>\n\t\t\t\t<div class=\"elementor-element elementor-element-9114b9b elementor-widget elementor-widget-text-editor\" data-id=\"9114b9b\" data-element_type=\"widget\" data-e-type=\"widget\" data-widget_type=\"text-editor.default\">\n\t\t\t\t\t\t\t\t\t<p class=\"translation-block\">Si ces conditions sont remplies, vous pouvez b\u00e9n\u00e9ficier d'une prime de 15 \u20ac\/m\u00b2 pour l'isolation de votre fa\u00e7ade aupr\u00e8s d'infrax ou d'eandis. Cette prime s'applique \u00e0 la surface totale et couvre l'isolation, le remplacement des fen\u00eatres ou une combinaison des deux.<\/p><p class=\"translation-block\">\u00c0 la fin des travaux, nous vous remettons les documents n\u00e9cessaires d\u00e9j\u00e0 remplis que vous pouvez remettre \u00e0 votre soci\u00e9t\u00e9 apr\u00e8s avoir ajout\u00e9 votre num\u00e9ro de compte bancaire, votre signature, etc.\u00a0<\/p>\t\t\t\t\t\t\t\t<\/div>\n\t\t\t\t<\/div>\n\t\t\t\t\t<\/div>\n\t\t\t\t<\/div>\n\t\t<div class=\"elementor-element elementor-element-15fc168 e-flex e-con-boxed e-con e-parent\" data-id=\"15fc168\" data-element_type=\"container\" data-e-type=\"container\">\n\t\t\t\t\t<div class=\"e-con-inner\">\n\t\t\t\t<div class=\"elementor-element elementor-element-22e6a7e elementor-widget elementor-widget-heading\" data-id=\"22e6a7e\" data-element_type=\"widget\" data-e-type=\"widget\" data-widget_type=\"heading.default\">\n\t\t\t\t\t<h2 class=\"elementor-heading-title elementor-size-default\">Profitez du comparateur de primes<\/h2>\t\t\t\t<\/div>\n\t\t\t\t<div class=\"elementor-element elementor-element-ad1b0ce elementor-widget elementor-widget-text-editor\" data-id=\"ad1b0ce\" data-element_type=\"widget\" data-e-type=\"widget\" data-widget_type=\"text-editor.default\">\n\t\t\t\t\t\t\t\t\t<p class=\"translation-block\">Vous souhaitez d\u00e9j\u00e0 avoir une id\u00e9e des primes auxquelles vous avez droit pour la r\u00e9novation de votre fa\u00e7ade ? Consultez le <a href=\"https:\/\/www.premiezoeker.be\/\" target=\"_blank\" rel=\"noopener\">moteur de recherche de primes<\/a> du gouvernement flamand.<\/p>\t\t\t\t\t\t\t\t<\/div>\n\t\t\t\t\t<\/div>\n\t\t\t\t<\/div>\n\t\t\t\t<\/div>","protected":false},"excerpt":{"rendered":"<p>Welke premie krijgt u voor uw gevelrenovatie? U hebt besloten uw gevel te renoveren. Dat is een werk dat al eens een aardige cent kan kosten. Gelukkig springt de overheid in met allerlei premies. Maar welke\u00a0premie\u00a0kunt u nu krijgen voor die\u00a0gevelrenovatie? De premies zijn afhankelijk van het gewest (Vlaams, Waals of Brussels Hoofdstedelijk gewest) waarin [&hellip;]<\/p>\n","protected":false},"author":1,"featured_media":0,"parent":0,"menu_order":1,"comment_status":"closed","ping_status":"open","template":"","meta":{"_acf_changed":false,"footnotes":""},"class_list":["post-702","page","type-page","status-publish","hentry"],"acf":[],"_links":{"self":[{"href":"https:\/\/www.gv-crepi.be\/fr\/wp-json\/wp\/v2\/pages\/702","targetHints":{"allow":["GET"]}}],"collection":[{"href":"https:\/\/www.gv-crepi.be\/fr\/wp-json\/wp\/v2\/pages"}],"about":[{"href":"https:\/\/www.gv-crepi.be\/fr\/wp-json\/wp\/v2\/types\/page"}],"author":[{"embeddable":true,"href":"https:\/\/www.gv-crepi.be\/fr\/wp-json\/wp\/v2\/users\/1"}],"replies":[{"embeddable":true,"href":"https:\/\/www.gv-crepi.be\/fr\/wp-json\/wp\/v2\/comments?post=702"}],"version-history":[{"count":16,"href":"https:\/\/www.gv-crepi.be\/fr\/wp-json\/wp\/v2\/pages\/702\/revisions"}],"predecessor-version":[{"id":888,"href":"https:\/\/www.gv-crepi.be\/fr\/wp-json\/wp\/v2\/pages\/702\/revisions\/888"}],"wp:attachment":[{"href":"https:\/\/www.gv-crepi.be\/fr\/wp-json\/wp\/v2\/media?parent=702"}],"curies":[{"name":"wp","href":"https:\/\/api.w.org\/{rel}","templated":true}]}}