{"id":713,"date":"2025-08-15T15:40:05","date_gmt":"2025-08-15T15:40:05","guid":{"rendered":"https:\/\/www.gv-crepi.be\/?page_id=713"},"modified":"2025-08-16T21:26:50","modified_gmt":"2025-08-16T21:26:50","slug":"a-propos-de-nous","status":"publish","type":"page","link":"https:\/\/www.gv-crepi.be\/fr\/over-ons\/","title":{"rendered":"\u00c0 propos"},"content":{"rendered":"<div data-elementor-type=\"wp-page\" data-elementor-id=\"713\" class=\"elementor elementor-713\" data-elementor-post-type=\"page\">\n\t\t\t\t<div data-dce-background-image-url=\"https:\/\/www.gv-crepi.be\/app\/uploads\/2025\/08\/gevelbepleistering.jpg\" class=\"elementor-element elementor-element-54b1563 hero e-flex e-con-boxed e-con e-parent\" data-id=\"54b1563\" data-element_type=\"container\" data-e-type=\"container\" data-settings=\"{&quot;background_background&quot;:&quot;classic&quot;}\">\n\t\t\t\t\t<div class=\"e-con-inner\">\n\t\t\t\t<div data-dce-title-color=\"#FFFFFF\" class=\"elementor-element elementor-element-9c29f6a elementor-widget elementor-widget-heading\" data-id=\"9c29f6a\" data-element_type=\"widget\" data-e-type=\"widget\" data-widget_type=\"heading.default\">\n\t\t\t\t\t<h1 class=\"elementor-heading-title elementor-size-default\"><span>Sp\u00e9cialiste en<\/span> <span>rev\u00eatement ext\u00e9rieur<\/span><\/h1>\t\t\t\t<\/div>\n\t\t\t\t\t<\/div>\n\t\t\t\t<\/div>\n\t\t<div class=\"elementor-element elementor-element-24676c8 e-flex e-con-boxed e-con e-parent\" data-id=\"24676c8\" data-element_type=\"container\" data-e-type=\"container\">\n\t\t\t\t\t<div class=\"e-con-inner\">\n\t\t\t\t<div class=\"elementor-element elementor-element-91c5598 elementor-widget elementor-widget-text-editor\" data-id=\"91c5598\" data-element_type=\"widget\" data-e-type=\"widget\" data-widget_type=\"text-editor.default\">\n\t\t\t\t\t\t\t\t\t<p class=\"translation-block\">Pour le rev\u00eatement ext\u00e9rieur, vous trouverez une <strong>large gamme de couleurs, de finitions et de mat\u00e9riaux<\/strong>. Et ceux-ci exigent toujours une approche sp\u00e9cialis\u00e9e.\u00a0<\/p>\t\t\t\t\t\t\t\t<\/div>\n\t\t\t\t<div class=\"elementor-element elementor-element-8139dfc elementor-widget elementor-widget-text-editor\" data-id=\"8139dfc\" data-element_type=\"widget\" data-e-type=\"widget\" data-widget_type=\"text-editor.default\">\n\t\t\t\t\t\t\t\t\t<p class=\"translation-block\">Chez G&amp;V, vous \u00eates \u00e0 la bonne adresse. Nous sommes sp\u00e9cialis\u00e9s dans le <a href=\"\/fr\/crepi\/\">cr\u00e9pi<\/a>, les <a href=\"\/fr\/plaquettes-de-parement\/\">bandes de parement<\/a> et les panneaux de fa\u00e7ade. Mais vous pouvez \u00e9galement vous adresser \u00e0 nos 30 experts pour d'autres mat\u00e9riaux de fa\u00e7ade ou pour des combinaisons.\u00a0<\/p>\t\t\t\t\t\t\t\t<\/div>\n\t\t\t\t\t<\/div>\n\t\t\t\t<\/div>\n\t\t<div class=\"elementor-element elementor-element-4430a69 e-flex e-con-boxed e-con e-parent\" data-id=\"4430a69\" data-element_type=\"container\" data-e-type=\"container\">\n\t\t\t\t\t<div class=\"e-con-inner\">\n\t\t<div class=\"elementor-element elementor-element-98763d1 e-con-full e-flex e-con e-child\" data-id=\"98763d1\" data-element_type=\"container\" data-e-type=\"container\">\n\t\t\t\t<div class=\"elementor-element elementor-element-0dba178 elementor-widget elementor-widget-heading\" data-id=\"0dba178\" data-element_type=\"widget\" data-e-type=\"widget\" data-widget_type=\"heading.default\">\n\t\t\t\t\t<h2 class=\"elementor-heading-title elementor-size-default\">Donnez un coup de jeune \u00e0 votre ancienne fa\u00e7ade<\/h2>\t\t\t\t<\/div>\n\t\t\t\t<div class=\"elementor-element elementor-element-8ac5d67 elementor-widget elementor-widget-text-editor\" data-id=\"8ac5d67\" data-element_type=\"widget\" data-e-type=\"widget\" data-widget_type=\"text-editor.default\">\n\t\t\t\t\t\t\t\t\t<p class=\"translation-block\">Au fil des ans, votre fa\u00e7ade peut s'user et perdre sa couleur d'origine. Cela nuit \u00e0 la valeur et \u00e0 l'apparence de votre maison. Pour une <strong>r\u00e9novation compl\u00e8te de votre fa\u00e7ade<\/strong>, vous pouvez faire appel \u00e0 G&amp;V. Et n'est-ce pas le moment id\u00e9al pour ajouter une <strong>couche d'isolation suppl\u00e9mentaire<\/strong> ? Cela fait \u00e9galement partie de notre expertise.\u00a0<\/p>\t\t\t\t\t\t\t\t<\/div>\n\t\t\t\t<\/div>\n\t\t<div class=\"elementor-element elementor-element-26151fb e-con-full e-flex e-con e-child\" data-id=\"26151fb\" data-element_type=\"container\" data-e-type=\"container\">\n\t\t\t\t<div class=\"elementor-element elementor-element-dd9d8d6 elementor-widget elementor-widget-heading\" data-id=\"dd9d8d6\" data-element_type=\"widget\" data-e-type=\"widget\" data-widget_type=\"heading.default\">\n\t\t\t\t\t<h2 class=\"elementor-heading-title elementor-size-default\">Rev\u00eatement ext\u00e9rieur pour tous les projets de construction<\/h2>\t\t\t\t<\/div>\n\t\t\t\t<div class=\"elementor-element elementor-element-9114b9b elementor-widget elementor-widget-text-editor\" data-id=\"9114b9b\" data-element_type=\"widget\" data-e-type=\"widget\" data-widget_type=\"text-editor.default\">\n\t\t\t\t\t\t\t\t\t<p class=\"translation-block\">G&amp;V ne travaille pas uniquement pour les particuliers. En tant qu'<strong>administration publique, entrepreneur ou promoteur immobilier<\/strong>, vous pouvez \u00e9galement compter sur notre expertise. Nous fournissons des fa\u00e7ades parfaites pour les appartements neufs, les h\u00f4pitaux et les \u00e9coles. <a href=\"\/fr\/les-references\/\">Consultez nos r\u00e9f\u00e9rences.<\/a><\/p>\t\t\t\t\t\t\t\t<\/div>\n\t\t\t\t<\/div>\n\t\t\t\t\t<\/div>\n\t\t\t\t<\/div>\n\t\t<div class=\"elementor-element elementor-element-15fc168 e-flex e-con-boxed e-con e-parent\" data-id=\"15fc168\" data-element_type=\"container\" data-e-type=\"container\">\n\t\t\t\t\t<div class=\"e-con-inner\">\n\t\t\t\t<div class=\"elementor-element elementor-element-22e6a7e elementor-widget elementor-widget-heading\" data-id=\"22e6a7e\" data-element_type=\"widget\" data-e-type=\"widget\" data-widget_type=\"heading.default\">\n\t\t\t\t\t<h2 class=\"elementor-heading-title elementor-size-default\">Votre partenaire exp\u00e9riment\u00e9<\/h2>\t\t\t\t<\/div>\n\t\t\t\t<div class=\"elementor-element elementor-element-ad1b0ce elementor-widget elementor-widget-text-editor\" data-id=\"ad1b0ce\" data-element_type=\"widget\" data-e-type=\"widget\" data-widget_type=\"text-editor.default\">\n\t\t\t\t\t\t\t\t\t<p class=\"translation-block\">Le g\u00e9rant Alex Valgaerts a plus de 20 ans d'exp\u00e9rience dans le domaine du cr\u00e9pissage et du rev\u00eatement ext\u00e9rieur. Gr\u00e2ce \u00e0 cette vaste expertise, nous sommes en mesure de mener \u00e0 bien chaque projet, de la prise des mesures \u00e0 la finition. Vous avez ainsi la certitude que le <strong>d\u00e9lai d'ex\u00e9cution sera respect\u00e9<\/strong>.<\/p><p class=\"translation-block\">Vous recherchez un sp\u00e9cialiste pour le rev\u00eatement ext\u00e9rieur de votre fa\u00e7ade ? N'h\u00e9sitez pas \u00e0 <a href=\"\/fr\/contact\/\">nous contacter<\/a> ou \u00e0 demander <a href=\"\/fr\/contact\/\">un devis sans engagement<\/a>. Nous sommes principalement actifs dans la r\u00e9gion d'Anvers, du Brabant flamand, de Bruxelles et du Limbourg. Mais nos artisans se feront \u00e9galement un plaisir de vous aider en dehors de cette zone !<\/p>\t\t\t\t\t\t\t\t<\/div>\n\t\t\t\t\t<\/div>\n\t\t\t\t<\/div>\n\t\t\t\t<\/div>","protected":false},"excerpt":{"rendered":"<p>Specialist in buitengevelbekleding Voor buitengevelbekleding vindt u een\u00a0uitgebreid scala aan kleuren, afwerkingen en materialen. En die vragen telkens om een gespecialiseerde aanpak.\u00a0 Bij G&amp;V bent u daarvoor aan het juiste adres. Wij zijn gespecialiseerd in\u00a0gevelbepleistering in crepi,\u00a0steenstrips\u00a0en\u00a0gevelplaten. Maar ook voor andere gevelmaterialen of voor combinaties kunt u terecht bij onze 30 experts.\u00a0 Uw oude gevel [&hellip;]<\/p>\n","protected":false},"author":1,"featured_media":0,"parent":0,"menu_order":1,"comment_status":"closed","ping_status":"open","template":"","meta":{"_acf_changed":false,"footnotes":""},"class_list":["post-713","page","type-page","status-publish","hentry"],"acf":[],"_links":{"self":[{"href":"https:\/\/www.gv-crepi.be\/fr\/wp-json\/wp\/v2\/pages\/713","targetHints":{"allow":["GET"]}}],"collection":[{"href":"https:\/\/www.gv-crepi.be\/fr\/wp-json\/wp\/v2\/pages"}],"about":[{"href":"https:\/\/www.gv-crepi.be\/fr\/wp-json\/wp\/v2\/types\/page"}],"author":[{"embeddable":true,"href":"https:\/\/www.gv-crepi.be\/fr\/wp-json\/wp\/v2\/users\/1"}],"replies":[{"embeddable":true,"href":"https:\/\/www.gv-crepi.be\/fr\/wp-json\/wp\/v2\/comments?post=713"}],"version-history":[{"count":10,"href":"https:\/\/www.gv-crepi.be\/fr\/wp-json\/wp\/v2\/pages\/713\/revisions"}],"predecessor-version":[{"id":891,"href":"https:\/\/www.gv-crepi.be\/fr\/wp-json\/wp\/v2\/pages\/713\/revisions\/891"}],"wp:attachment":[{"href":"https:\/\/www.gv-crepi.be\/fr\/wp-json\/wp\/v2\/media?parent=713"}],"curies":[{"name":"wp","href":"https:\/\/api.w.org\/{rel}","templated":true}]}}